{"id":1747,"date":"2020-08-06T12:44:06","date_gmt":"2020-08-06T10:44:06","guid":{"rendered":"https:\/\/champagnecharlesjolly.com\/?page_id=1747"},"modified":"2021-12-06T16:22:05","modified_gmt":"2021-12-06T15:22:05","slug":"perseverance-brut-rose","status":"publish","type":"page","link":"https:\/\/champagnecharlesjolly.com\/en\/perseverance-brut-rose\/","title":{"rendered":"Pers\u00e9v\u00e9rance Brut Ros\u00e9"},"content":{"rendered":"<div class=\"wpb-content-wrapper\"><section class=\"vc_section vc_row-o-full-height vc_section-o-content-middle vc_section-flex\"><div class=\"vc_row wpb_row vc_row-fluid vc_row-o-equal-height vc_row-o-content-middle vc_row-flex\"><div class=\"wpb_column vc_column_container vc_col-sm-6\"><div class=\"vc_column-inner\"><div class=\"wpb_wrapper\">\n\t<div  class=\"wpb_single_image wpb_content_element vc_align_left\">\n\t\t\n\t\t<figure class=\"wpb_wrapper vc_figure\">\n\t\t\t<div class=\"vc_single_image-wrapper   vc_box_border_grey\"><img loading=\"lazy\" decoding=\"async\" width=\"683\" height=\"1024\" src=\"https:\/\/champagnecharlesjolly.com\/wp-content\/uploads\/2020\/04\/Rose-1-683x1024.png\" class=\"vc_single_image-img attachment-large\" alt=\"\" title=\"Rose\" srcset=\"https:\/\/champagnecharlesjolly.com\/wp-content\/uploads\/2020\/04\/Rose-1-683x1024.png 683w, https:\/\/champagnecharlesjolly.com\/wp-content\/uploads\/2020\/04\/Rose-1-200x300.png 200w, https:\/\/champagnecharlesjolly.com\/wp-content\/uploads\/2020\/04\/Rose-1-768x1152.png 768w, https:\/\/champagnecharlesjolly.com\/wp-content\/uploads\/2020\/04\/Rose-1.png 800w\" sizes=\"auto, (max-width: 683px) 100vw, 683px\" \/><\/div>\n\t\t<\/figure>\n\t<\/div>\n<\/div><\/div><\/div><div class=\"wpb_column vc_column_container vc_col-sm-6\"><div class=\"vc_column-inner\"><div class=\"wpb_wrapper\">\n\t<div class=\"title-subtitle-box\" style=\" text-align: center;\">\n\t\t<span class=\"toptitle\">Nos Champagnes<\/span>\n\t\t<h1 style=\" text-transform: uppercase; font-weight: 400; letter-spacing: 0px;\" >Pers\u00e9v\u00e9rance Brut Ros\u00e9<\/h1>\n\t<\/div> \n\t<div class=\"wpb_text_column wpb_content_element\" >\n\t\t<div class=\"wpb_wrapper\">\n\t\t\t<p style=\"text-align: justify;\">Les Cuv\u00e9es Pers\u00e9v\u00e9rance refl\u00e8tent toute la compl\u00e9mentarit\u00e9 et diversit\u00e9 des c\u00e9pages champenois, la richesse des terroirs et des vendanges de Champagne, pour r\u00e9v\u00e9ler dans son int\u00e9gralit\u00e9 la complexit\u00e9 qui les caract\u00e9rise.<\/p>\n\n\t\t<\/div>\n\t<\/div>\n<div class=\"vc_btn3-container vc_btn3-center\" ><a class=\"vc_general vc_btn3 vc_btn3-size-md vc_btn3-shape-rounded vc_btn3-style-modern vc_btn3-color-grey\" href=\"https:\/\/champagnecharlesjolly.com\/en\/product\/perseverance-brut-rose\/\" title=\"PERS\u00c9V\u00c9RANCE BRUT ROS\u00c9\">Order<\/a><\/div><\/div><\/div><\/div><\/div><div class=\"vc_row wpb_row vc_row-fluid vc_row-o-equal-height vc_row-o-content-middle vc_row-flex\"><div class=\"wpb_column vc_column_container vc_col-sm-8\"><div class=\"vc_column-inner\"><div class=\"wpb_wrapper\">\n\t<div class=\"title-subtitle-box\" style=\" text-align: left;\">\n\t\t<h2 style=\" text-transform: uppercase; font-weight: 400; letter-spacing: 0px;\" >Assemblage<\/h2>\n\t<\/div> \n\t<div class=\"wpb_text_column wpb_content_element\" >\n\t\t<div class=\"wpb_wrapper\">\n\t\t\t<p style=\"text-align: justify;\">Pers\u00e9v\u00e9rance Brut est un assemblage dans lequel les trois c\u00e9pages champenois se compl\u00e8tent harmonieusement. L&rsquo;\u00e9quilibre parfait entre les Pinots et le Chardonnay lui donne un style a\u00e9rien avec une pointe de min\u00e9ralit\u00e9 et, ainsi, un go\u00fbt tout aussi subtile que complexe.<\/p>\n<p style=\"text-align: justify;\">Dosage: 9g\/litre<\/p>\n<p style=\"text-align: justify;\">100% cuv\u00e9e<\/p>\n\n\t\t<\/div>\n\t<\/div>\n<\/div><\/div><\/div><div class=\"wpb_column vc_column_container vc_col-sm-4\"><div class=\"vc_column-inner\"><div class=\"wpb_wrapper\">\n\t<div  class=\"wpb_single_image wpb_content_element vc_align_left\">\n\t\t\n\t\t<figure class=\"wpb_wrapper vc_figure\">\n\t\t\t<div class=\"vc_single_image-wrapper   vc_box_border_grey\"><img loading=\"lazy\" decoding=\"async\" width=\"225\" height=\"300\" src=\"https:\/\/champagnecharlesjolly.com\/wp-content\/uploads\/2018\/02\/Vigne-1-225x300.png\" class=\"vc_single_image-img attachment-medium\" alt=\"\" title=\"Vigne-1\" srcset=\"https:\/\/champagnecharlesjolly.com\/wp-content\/uploads\/2018\/02\/Vigne-1-225x300.png 225w, https:\/\/champagnecharlesjolly.com\/wp-content\/uploads\/2018\/02\/Vigne-1.png 600w\" sizes=\"auto, (max-width: 225px) 100vw, 225px\" \/><\/div>\n\t\t<\/figure>\n\t<\/div>\n<\/div><\/div><\/div><\/div><div class=\"vc_row wpb_row vc_row-fluid vc_row-o-equal-height vc_row-o-content-middle vc_row-flex\"><div class=\"wpb_column vc_column_container vc_col-sm-4\"><div class=\"vc_column-inner\"><div class=\"wpb_wrapper\">\n\t<div  class=\"wpb_single_image wpb_content_element vc_align_left\">\n\t\t\n\t\t<figure class=\"wpb_wrapper vc_figure\">\n\t\t\t<div class=\"vc_single_image-wrapper   vc_box_border_grey\"><img loading=\"lazy\" decoding=\"async\" width=\"300\" height=\"200\" src=\"https:\/\/champagnecharlesjolly.com\/wp-content\/uploads\/2020\/07\/DSC00598-scaled-300x200.jpg\" class=\"vc_single_image-img attachment-medium\" alt=\"\" title=\"DSC00598\" srcset=\"https:\/\/champagnecharlesjolly.com\/wp-content\/uploads\/2020\/07\/DSC00598-scaled-300x200.jpg 300w, https:\/\/champagnecharlesjolly.com\/wp-content\/uploads\/2020\/07\/DSC00598-scaled-1024x683.jpg 1024w, https:\/\/champagnecharlesjolly.com\/wp-content\/uploads\/2020\/07\/DSC00598-scaled-768x512.jpg 768w, https:\/\/champagnecharlesjolly.com\/wp-content\/uploads\/2020\/07\/DSC00598-scaled-1536x1024.jpg 1536w, https:\/\/champagnecharlesjolly.com\/wp-content\/uploads\/2020\/07\/DSC00598-scaled-2048x1366.jpg 2048w\" sizes=\"auto, (max-width: 300px) 100vw, 300px\" \/><\/div>\n\t\t<\/figure>\n\t<\/div>\n<\/div><\/div><\/div><div class=\"wpb_column vc_column_container vc_col-sm-8\"><div class=\"vc_column-inner\"><div class=\"wpb_wrapper\">\n\t<div class=\"title-subtitle-box\" style=\" text-align: left;\">\n\t\t<h2 style=\" text-transform: uppercase; font-weight: 400; letter-spacing: 0px;\" >D\u00e9gustation<\/h2>\n\t<\/div> \n\t<div class=\"wpb_text_column wpb_content_element\" >\n\t\t<div class=\"wpb_wrapper\">\n\t\t\t<p style=\"text-align: justify;\">Nos Champagnes sont appr\u00e9ci\u00e9s tout au long du repas et tout particuli\u00e8rement \u00e0 l&rsquo;ap\u00e9ritif o\u00f9 leurs ar\u00f4mes d\u00e9licats seront davantage mis en valeur. Nous ne recommandons, cependant, pas de les d\u00e9guster en accompagnement de mets tr\u00e8s sucr\u00e9s, certaines de leurs saveurs pouvant \u00eatre alors masqu\u00e9es. Si vous pr\u00e9f\u00e9rez toutefois accompagner vos desserts de Champagne, Pers\u00e9v\u00e9rance Brut Ros\u00e9 sera alors \u00e0 privil\u00e9gier. La temp\u00e9rature recommand\u00e9e pour servir nos Champagnes est de 8\u00b0C.<\/p>\n<p style=\"text-align: justify;\">Conjuguant g\u00e9n\u00e9rosit\u00e9 et d\u00e9licatesse, les ar\u00f4mes de Pers\u00e9v\u00e9rance Brut Ros\u00e9 sont typiquement appr\u00e9ci\u00e9s tout au long du repas \u00e0 moins que vos mets soient fortement sucr\u00e9s.<\/p>\n<p style=\"text-align: justify;\">Son aromatique est intense et nuanc\u00e9 avec un touche vive de petits fruits rouges, une pointe de vanille, de cannelle et d&rsquo;amandes grill\u00e9es.<\/p>\n\n\t\t<\/div>\n\t<\/div>\n<\/div><\/div><\/div><\/div><div class=\"vc_row wpb_row vc_row-fluid vc_row-o-equal-height vc_row-o-content-middle vc_row-flex\"><div class=\"wpb_column vc_column_container vc_col-sm-12\"><div class=\"vc_column-inner\"><div class=\"wpb_wrapper\">\n\t<div class=\"title-subtitle-box\" style=\" text-align: left;\">\n\t\t<span class=\"toptitle\">D\u00e9couvrez aussi<\/span>\n\t\t<h1 style=\" text-transform: uppercase; font-weight: 400; letter-spacing: 0px;\" >Nos autres Champagnes<\/h1>\n\t<\/div> <\/div><\/div><\/div><\/div><div class=\"vc_row wpb_row vc_row-fluid\"><div class=\"wpb_column vc_column_container vc_col-sm-4\"><div class=\"vc_column-inner\"><div class=\"wpb_wrapper\">\n\t<div class=\"featured-image-box  text-align-center normal_hover_style\">\n\t\t<figure class=\"default\">\n\t\t\t <img decoding=\"async\" class=\"wp-post-image default\" src=\"https:\/\/champagnecharlesjolly.com\/wp-content\/uploads\/2021\/11\/Perseverence.png\" alt=\"\" \/> \n\t\t<figcaption>\n\t\t\t<h4>Pers\u00e9v\u00e9rance Brut<\/h4>\n\t\t\t<p><\/p>\n\t\t<\/figcaption>\n\t\t<\/figure>\n\t<\/div> <div class=\"vc_btn3-container vc_btn3-center\" ><a class=\"vc_general vc_btn3 vc_btn3-size-md vc_btn3-shape-rounded vc_btn3-style-modern vc_btn3-color-grey\" href=\"https:\/\/champagnecharlesjolly.com\/en\/perseverance-brut\/\" title=\"Pers\u00e9v\u00e9rance Brut\">Discover<\/a><\/div><\/div><\/div><\/div><div class=\"wpb_column vc_column_container vc_col-sm-4\"><div class=\"vc_column-inner\"><div class=\"wpb_wrapper\">\n\t<div class=\"featured-image-box  text-align-center normal_hover_style\">\n\t\t<figure class=\"default\">\n\t\t\t <img decoding=\"async\" class=\"wp-post-image default\" src=\"https:\/\/champagnecharlesjolly.com\/wp-content\/uploads\/2020\/08\/Blanc-de-blanc-bouteille-verte.png\" alt=\"\" \/> \n\t\t<figcaption>\n\t\t\t<h4>Transparence<\/h4>\n\t\t\t<p><\/p>\n\t\t<\/figcaption>\n\t\t<\/figure>\n\t<\/div> <div class=\"vc_btn3-container vc_btn3-center\" ><a class=\"vc_general vc_btn3 vc_btn3-size-md vc_btn3-shape-rounded vc_btn3-style-modern vc_btn3-color-grey\" href=\"https:\/\/champagnecharlesjolly.com\/en\/transparence\/\" title=\"Transparence\">Discover<\/a><\/div><\/div><\/div><\/div><div class=\"wpb_column vc_column_container vc_col-sm-4\"><div class=\"vc_column-inner\"><div class=\"wpb_wrapper\">\n\t<div class=\"featured-image-box  text-align-center normal_hover_style\">\n\t\t<figure class=\"default\">\n\t\t\t <img decoding=\"async\" class=\"wp-post-image default\" src=\"https:\/\/champagnecharlesjolly.com\/wp-content\/uploads\/2021\/11\/Blanc-de-noir.png\" alt=\"\" \/> \n\t\t<figcaption>\n\t\t\t<h4>R\u00e9silience<\/h4>\n\t\t\t<p><\/p>\n\t\t<\/figcaption>\n\t\t<\/figure>\n\t<\/div> <div class=\"vc_btn3-container vc_btn3-center\" ><a class=\"vc_general vc_btn3 vc_btn3-size-md vc_btn3-shape-rounded vc_btn3-style-modern vc_btn3-color-grey\" href=\"https:\/\/champagnecharlesjolly.com\/en\/resilience-brut-blanc-de-noirs\/\" title=\"R\u00e9silience\">Discover<\/a><\/div><\/div><\/div><\/div><\/div><\/section>\n<\/div>","protected":false},"excerpt":{"rendered":"Nos Champagnes Pers\u00e9v\u00e9rance Brut Ros\u00e9 Les Cuv\u00e9es Pers\u00e9v\u00e9rance refl\u00e8tent toute la compl\u00e9mentarit\u00e9 et diversit\u00e9 des c\u00e9pages champenois, la richesse des terroirs et des vendanges de Champagne, pour r\u00e9v\u00e9ler dans son int\u00e9gralit\u00e9 la complexit\u00e9 qui les caract\u00e9rise. Commander Assemblage Pers\u00e9v\u00e9rance Brut est un assemblage dans lequel les trois c\u00e9pages champenois se compl\u00e8tent harmonieusement. L'\u00e9quilibre parfait entre<br class=\"read-more-spacer\"> <a class=\"more-link\" href=\"https:\/\/champagnecharlesjolly.com\/en\/perseverance-brut-rose\/\">Read More<\/a>","protected":false},"author":2,"featured_media":0,"parent":0,"menu_order":0,"comment_status":"closed","ping_status":"closed","template":"","meta":{"footnotes":""},"class_list":["post-1747","page","type-page","status-publish","hentry"],"yoast_head":"<!-- This site is optimized with the Yoast SEO plugin v27.4 - https:\/\/yoast.com\/product\/yoast-seo-wordpress\/ -->\n<title>Pers\u00e9v\u00e9rance Brut Ros\u00e9 - Champagne Charles Jolly<\/title>\n<meta name=\"robots\" content=\"index, follow, max-snippet:-1, max-image-preview:large, max-video-preview:-1\" \/>\n<link rel=\"canonical\" href=\"https:\/\/champagnecharlesjolly.com\/en\/perseverance-brut-rose\/\" \/>\n<meta property=\"og:locale\" content=\"en_GB\" \/>\n<meta property=\"og:type\" content=\"article\" \/>\n<meta property=\"og:title\" content=\"Pers\u00e9v\u00e9rance Brut Ros\u00e9 - Champagne Charles Jolly\" \/>\n<meta property=\"og:url\" content=\"https:\/\/champagnecharlesjolly.com\/en\/perseverance-brut-rose\/\" \/>\n<meta property=\"og:site_name\" content=\"Champagne Charles Jolly\" \/>\n<meta property=\"article:modified_time\" content=\"2021-12-06T15:22:05+00:00\" \/>\n<meta name=\"twitter:card\" content=\"summary_large_image\" \/>\n<meta name=\"twitter:label1\" content=\"Estimated reading time\" \/>\n\t<meta name=\"twitter:data1\" content=\"3 minutes\" \/>\n<script type=\"application\/ld+json\" class=\"yoast-schema-graph\">{\"@context\":\"https:\\\/\\\/schema.org\",\"@graph\":[{\"@type\":\"WebPage\",\"@id\":\"https:\\\/\\\/champagnecharlesjolly.com\\\/perseverance-brut-rose\\\/\",\"url\":\"https:\\\/\\\/champagnecharlesjolly.com\\\/perseverance-brut-rose\\\/\",\"name\":\"Pers\u00e9v\u00e9rance Brut Ros\u00e9 - Champagne Charles Jolly\",\"isPartOf\":{\"@id\":\"https:\\\/\\\/champagnecharlesjolly.com\\\/#website\"},\"datePublished\":\"2020-08-06T10:44:06+00:00\",\"dateModified\":\"2021-12-06T15:22:05+00:00\",\"breadcrumb\":{\"@id\":\"https:\\\/\\\/champagnecharlesjolly.com\\\/perseverance-brut-rose\\\/#breadcrumb\"},\"inLanguage\":\"en-GB\",\"potentialAction\":[{\"@type\":\"ReadAction\",\"target\":[\"https:\\\/\\\/champagnecharlesjolly.com\\\/perseverance-brut-rose\\\/\"]}]},{\"@type\":\"BreadcrumbList\",\"@id\":\"https:\\\/\\\/champagnecharlesjolly.com\\\/perseverance-brut-rose\\\/#breadcrumb\",\"itemListElement\":[{\"@type\":\"ListItem\",\"position\":1,\"name\":\"Accueil\",\"item\":\"https:\\\/\\\/champagnecharlesjolly.com\\\/\"},{\"@type\":\"ListItem\",\"position\":2,\"name\":\"Pers\u00e9v\u00e9rance Brut Ros\u00e9\"}]},{\"@type\":\"WebSite\",\"@id\":\"https:\\\/\\\/champagnecharlesjolly.com\\\/#website\",\"url\":\"https:\\\/\\\/champagnecharlesjolly.com\\\/\",\"name\":\"Champagne Charles Jolly\",\"description\":\"Un savoir faire familial\",\"potentialAction\":[{\"@type\":\"SearchAction\",\"target\":{\"@type\":\"EntryPoint\",\"urlTemplate\":\"https:\\\/\\\/champagnecharlesjolly.com\\\/?s={search_term_string}\"},\"query-input\":{\"@type\":\"PropertyValueSpecification\",\"valueRequired\":true,\"valueName\":\"search_term_string\"}}],\"inLanguage\":\"en-GB\"}]}<\/script>\n<!-- \/ Yoast SEO plugin. -->","yoast_head_json":{"title":"Pers\u00e9v\u00e9rance Brut Ros\u00e9 - Champagne Charles Jolly","robots":{"index":"index","follow":"follow","max-snippet":"max-snippet:-1","max-image-preview":"max-image-preview:large","max-video-preview":"max-video-preview:-1"},"canonical":"https:\/\/champagnecharlesjolly.com\/en\/perseverance-brut-rose\/","og_locale":"en_GB","og_type":"article","og_title":"Pers\u00e9v\u00e9rance Brut Ros\u00e9 - Champagne Charles Jolly","og_url":"https:\/\/champagnecharlesjolly.com\/en\/perseverance-brut-rose\/","og_site_name":"Champagne Charles Jolly","article_modified_time":"2021-12-06T15:22:05+00:00","twitter_card":"summary_large_image","twitter_misc":{"Estimated reading time":"3 minutes"},"schema":{"@context":"https:\/\/schema.org","@graph":[{"@type":"WebPage","@id":"https:\/\/champagnecharlesjolly.com\/perseverance-brut-rose\/","url":"https:\/\/champagnecharlesjolly.com\/perseverance-brut-rose\/","name":"Pers\u00e9v\u00e9rance Brut Ros\u00e9 - Champagne Charles Jolly","isPartOf":{"@id":"https:\/\/champagnecharlesjolly.com\/#website"},"datePublished":"2020-08-06T10:44:06+00:00","dateModified":"2021-12-06T15:22:05+00:00","breadcrumb":{"@id":"https:\/\/champagnecharlesjolly.com\/perseverance-brut-rose\/#breadcrumb"},"inLanguage":"en-GB","potentialAction":[{"@type":"ReadAction","target":["https:\/\/champagnecharlesjolly.com\/perseverance-brut-rose\/"]}]},{"@type":"BreadcrumbList","@id":"https:\/\/champagnecharlesjolly.com\/perseverance-brut-rose\/#breadcrumb","itemListElement":[{"@type":"ListItem","position":1,"name":"Accueil","item":"https:\/\/champagnecharlesjolly.com\/"},{"@type":"ListItem","position":2,"name":"Pers\u00e9v\u00e9rance Brut Ros\u00e9"}]},{"@type":"WebSite","@id":"https:\/\/champagnecharlesjolly.com\/#website","url":"https:\/\/champagnecharlesjolly.com\/","name":"Champagne Charles Jolly","description":"Un savoir faire familial","potentialAction":[{"@type":"SearchAction","target":{"@type":"EntryPoint","urlTemplate":"https:\/\/champagnecharlesjolly.com\/?s={search_term_string}"},"query-input":{"@type":"PropertyValueSpecification","valueRequired":true,"valueName":"search_term_string"}}],"inLanguage":"en-GB"}]}},"_links":{"self":[{"href":"https:\/\/champagnecharlesjolly.com\/en\/wp-json\/wp\/v2\/pages\/1747","targetHints":{"allow":["GET"]}}],"collection":[{"href":"https:\/\/champagnecharlesjolly.com\/en\/wp-json\/wp\/v2\/pages"}],"about":[{"href":"https:\/\/champagnecharlesjolly.com\/en\/wp-json\/wp\/v2\/types\/page"}],"author":[{"embeddable":true,"href":"https:\/\/champagnecharlesjolly.com\/en\/wp-json\/wp\/v2\/users\/2"}],"replies":[{"embeddable":true,"href":"https:\/\/champagnecharlesjolly.com\/en\/wp-json\/wp\/v2\/comments?post=1747"}],"version-history":[{"count":28,"href":"https:\/\/champagnecharlesjolly.com\/en\/wp-json\/wp\/v2\/pages\/1747\/revisions"}],"predecessor-version":[{"id":2015,"href":"https:\/\/champagnecharlesjolly.com\/en\/wp-json\/wp\/v2\/pages\/1747\/revisions\/2015"}],"wp:attachment":[{"href":"https:\/\/champagnecharlesjolly.com\/en\/wp-json\/wp\/v2\/media?parent=1747"}],"curies":[{"name":"wp","href":"https:\/\/api.w.org\/{rel}","templated":true}]}}