{"id":1765,"date":"2020-08-06T13:46:41","date_gmt":"2020-08-06T11:46:41","guid":{"rendered":"https:\/\/champagnecharlesjolly.com\/?page_id=1765"},"modified":"2021-12-06T16:20:52","modified_gmt":"2021-12-06T15:20:52","slug":"transparence","status":"publish","type":"page","link":"https:\/\/champagnecharlesjolly.com\/en\/transparence\/","title":{"rendered":"Transparence Brut Blanc de Blancs"},"content":{"rendered":"<div class=\"wpb-content-wrapper\"><section class=\"vc_section vc_row-o-full-height vc_section-o-content-middle vc_section-flex\"><div class=\"vc_row wpb_row vc_row-fluid vc_row-o-equal-height vc_row-o-content-middle vc_row-flex\"><div class=\"wpb_column vc_column_container vc_col-sm-6\"><div class=\"vc_column-inner\"><div class=\"wpb_wrapper\">\n\t<div  class=\"wpb_single_image wpb_content_element vc_align_left\">\n\t\t\n\t\t<figure class=\"wpb_wrapper vc_figure\">\n\t\t\t<div class=\"vc_single_image-wrapper   vc_box_border_grey\"><img loading=\"lazy\" decoding=\"async\" width=\"600\" height=\"900\" src=\"https:\/\/champagnecharlesjolly.com\/wp-content\/uploads\/2020\/08\/Blanc-de-blanc-bouteille-verte.png\" class=\"vc_single_image-img attachment-large\" alt=\"\" title=\"Blanc-de-blanc-bouteille-verte\" srcset=\"https:\/\/champagnecharlesjolly.com\/wp-content\/uploads\/2020\/08\/Blanc-de-blanc-bouteille-verte.png 600w, https:\/\/champagnecharlesjolly.com\/wp-content\/uploads\/2020\/08\/Blanc-de-blanc-bouteille-verte-200x300.png 200w\" sizes=\"auto, (max-width: 600px) 100vw, 600px\" \/><\/div>\n\t\t<\/figure>\n\t<\/div>\n<\/div><\/div><\/div><div class=\"wpb_column vc_column_container vc_col-sm-6\"><div class=\"vc_column-inner\"><div class=\"wpb_wrapper\">\n\t<div class=\"title-subtitle-box\" style=\" text-align: center;\">\n\t\t<span class=\"toptitle\">Nos Champagnes<\/span>\n\t\t<h1 style=\" text-transform: uppercase; font-weight: 400; letter-spacing: 0px;\" >Transparence Brut Blanc de Blancs<\/h1>\n\t<\/div> \n\t<div class=\"wpb_text_column wpb_content_element\" >\n\t\t<div class=\"wpb_wrapper\">\n\t\t\t<p style=\"text-align: justify;\">La Cuv\u00e9e Transparence refl\u00e8te la singularit\u00e9 et finesse de l&rsquo;un des trois c\u00e9pages champenois, le Chardonnay. Cette cuv\u00e9e est, ainsi, assembl\u00e9e uniquement \u00e0 partir de raisins de Chardonnay lui conf\u00e9rant fra\u00eecheur, \u00e9l\u00e9gance et finesse de haute tenue.<\/p>\n\n\t\t<\/div>\n\t<\/div>\n<div class=\"vc_btn3-container vc_btn3-center\" ><a class=\"vc_general vc_btn3 vc_btn3-size-md vc_btn3-shape-rounded vc_btn3-style-modern vc_btn3-color-grey\" href=\"https:\/\/champagnecharlesjolly.com\/en\/product\/transparence-blanc-de-blancs\/\" title=\"TRANSPARENCE BLANC DE BLANCS\">Order<\/a><\/div><\/div><\/div><\/div><\/div><div class=\"vc_row wpb_row vc_row-fluid vc_row-o-content-middle vc_row-flex\"><div class=\"wpb_column vc_column_container vc_col-sm-8\"><div class=\"vc_column-inner\"><div class=\"wpb_wrapper\">\n\t<div class=\"title-subtitle-box\" style=\" text-align: left;\">\n\t\t<h2 style=\" text-transform: uppercase; font-weight: 400; letter-spacing: 0px;\" >Assemblage<\/h2>\n\t<\/div> \n\t<div class=\"wpb_text_column wpb_content_element\" >\n\t\t<div class=\"wpb_wrapper\">\n\t\t\t<div class=\"wpb_text_column wpb_content_element\">\n<div class=\"wpb_wrapper\">\n<p>Transparence est un assemblage de Chardonnay.<\/p>\n<p>Dosage: 9g\/litre<\/p>\n<p>100% cuv\u00e9e<\/p>\n<\/div>\n<\/div>\n\n\t\t<\/div>\n\t<\/div>\n<\/div><\/div><\/div><div class=\"wpb_column vc_column_container vc_col-sm-4\"><div class=\"vc_column-inner\"><div class=\"wpb_wrapper\">\n\t<div  class=\"wpb_single_image wpb_content_element vc_align_left\">\n\t\t\n\t\t<figure class=\"wpb_wrapper vc_figure\">\n\t\t\t<div class=\"vc_single_image-wrapper   vc_box_border_grey\"><img loading=\"lazy\" decoding=\"async\" width=\"300\" height=\"200\" src=\"https:\/\/champagnecharlesjolly.com\/wp-content\/uploads\/2021\/11\/Photo-Coupe-Vigne-300x200.jpg\" class=\"vc_single_image-img attachment-medium\" alt=\"\" title=\"Man harvesting in vineyard\" srcset=\"https:\/\/champagnecharlesjolly.com\/wp-content\/uploads\/2021\/11\/Photo-Coupe-Vigne-300x200.jpg 300w, https:\/\/champagnecharlesjolly.com\/wp-content\/uploads\/2021\/11\/Photo-Coupe-Vigne-18x12.jpg 18w, https:\/\/champagnecharlesjolly.com\/wp-content\/uploads\/2021\/11\/Photo-Coupe-Vigne.jpg 509w\" sizes=\"auto, (max-width: 300px) 100vw, 300px\" \/><\/div>\n\t\t<\/figure>\n\t<\/div>\n<\/div><\/div><\/div><\/div><div class=\"vc_row wpb_row vc_row-fluid vc_row-o-equal-height vc_row-o-content-middle vc_row-flex\"><div class=\"wpb_column vc_column_container vc_col-sm-4\"><div class=\"vc_column-inner\"><div class=\"wpb_wrapper\">\n\t<div  class=\"wpb_single_image wpb_content_element vc_align_left\">\n\t\t\n\t\t<figure class=\"wpb_wrapper vc_figure\">\n\t\t\t<div class=\"vc_single_image-wrapper   vc_box_border_grey\"><img loading=\"lazy\" decoding=\"async\" width=\"300\" height=\"200\" src=\"https:\/\/champagnecharlesjolly.com\/wp-content\/uploads\/2020\/04\/tuscany-428041_1920-300x200.jpg\" class=\"vc_single_image-img attachment-medium\" alt=\"\" title=\"tuscany-428041_1920\" srcset=\"https:\/\/champagnecharlesjolly.com\/wp-content\/uploads\/2020\/04\/tuscany-428041_1920-300x200.jpg 300w, https:\/\/champagnecharlesjolly.com\/wp-content\/uploads\/2020\/04\/tuscany-428041_1920-1024x683.jpg 1024w, https:\/\/champagnecharlesjolly.com\/wp-content\/uploads\/2020\/04\/tuscany-428041_1920-768x512.jpg 768w, https:\/\/champagnecharlesjolly.com\/wp-content\/uploads\/2020\/04\/tuscany-428041_1920-1536x1024.jpg 1536w, https:\/\/champagnecharlesjolly.com\/wp-content\/uploads\/2020\/04\/tuscany-428041_1920.jpg 1920w\" sizes=\"auto, (max-width: 300px) 100vw, 300px\" \/><\/div>\n\t\t<\/figure>\n\t<\/div>\n<\/div><\/div><\/div><div class=\"wpb_column vc_column_container vc_col-sm-8\"><div class=\"vc_column-inner\"><div class=\"wpb_wrapper\">\n\t<div class=\"title-subtitle-box\" style=\" text-align: left;\">\n\t\t<h2 style=\" text-transform: uppercase; font-weight: 400; letter-spacing: 0px;\" >D\u00e9gustation<\/h2>\n\t<\/div> \n\t<div class=\"wpb_text_column wpb_content_element\" >\n\t\t<div class=\"wpb_wrapper\">\n\t\t\t<p style=\"text-align: justify;\">Nos Champagnes sont appr\u00e9ci\u00e9s tout au long du repas et tout particuli\u00e8rement \u00e0 l\u2019ap\u00e9ritif o\u00f9 leurs ar\u00f4mes d\u00e9licats seront davantage mis en valeur. Nous ne recommandons, cependant, pas de les d\u00e9guster en accompagnement des desserts, certaines de leurs saveurs pouvant \u00eatre alors masqu\u00e9es. La temp\u00e9rature recommand\u00e9e pour servir nos Champagnes est de 8\u00b0C.<\/p>\n<p>Floral, l\u00e9ger et \u00e9l\u00e9gant les ar\u00f4mes de Transparence sont davantage appr\u00e9ci\u00e9s lorsque d\u00e9gust\u00e9 en accompagnement de fruits de mer, crustac\u00e9s et de plats peu relev\u00e9s.<\/p>\n\n\t\t<\/div>\n\t<\/div>\n<\/div><\/div><\/div><\/div><div class=\"vc_row wpb_row vc_row-fluid\"><div class=\"wpb_column vc_column_container vc_col-sm-12\"><div class=\"vc_column-inner\"><div class=\"wpb_wrapper\">\n\t<div class=\"title-subtitle-box\" style=\" text-align: left;\">\n\t\t<span class=\"toptitle\">D\u00e9couvrez aussi<\/span>\n\t\t<h1 style=\" text-transform: uppercase; font-weight: 400; letter-spacing: 0px;\" >Nos autres champagnes<\/h1>\n\t<\/div> <\/div><\/div><\/div><\/div><div class=\"vc_row wpb_row vc_row-fluid\"><div class=\"wpb_column vc_column_container vc_col-sm-4\"><div class=\"vc_column-inner\"><div class=\"wpb_wrapper\">\n\t<div class=\"featured-image-box  text-align-center normal_hover_style\">\n\t\t<figure class=\"default\">\n\t\t\t <img decoding=\"async\" class=\"wp-post-image default\" src=\"https:\/\/champagnecharlesjolly.com\/wp-content\/uploads\/2021\/11\/Perseverence.png\" alt=\"\" \/> \n\t\t<figcaption>\n\t\t\t<h4>Pers\u00e9v\u00e9rance Brut<\/h4>\n\t\t\t<p><\/p>\n\t\t<\/figcaption>\n\t\t<\/figure>\n\t<\/div> <div class=\"vc_btn3-container vc_btn3-center\" ><a class=\"vc_general vc_btn3 vc_btn3-size-md vc_btn3-shape-rounded vc_btn3-style-modern vc_btn3-color-grey\" href=\"https:\/\/champagnecharlesjolly.com\/en\/perseverance-brut\/\" title=\"Pers\u00e9v\u00e9rance Brut\">Discover<\/a><\/div><\/div><\/div><\/div><div class=\"wpb_column vc_column_container vc_col-sm-4\"><div class=\"vc_column-inner\"><div class=\"wpb_wrapper\">\n\t<div class=\"featured-image-box  text-align-center normal_hover_style\">\n\t\t<figure class=\"default\">\n\t\t\t <img decoding=\"async\" class=\"wp-post-image default\" src=\"https:\/\/champagnecharlesjolly.com\/wp-content\/uploads\/2020\/04\/Rose-1.png\" alt=\"\" \/> \n\t\t<figcaption>\n\t\t\t<h4>Pers\u00e9v\u00e9rance Brut Ros\u00e9<\/h4>\n\t\t\t<p><\/p>\n\t\t<\/figcaption>\n\t\t<\/figure>\n\t<\/div> <div class=\"vc_btn3-container vc_btn3-center\" ><a class=\"vc_general vc_btn3 vc_btn3-size-md vc_btn3-shape-rounded vc_btn3-style-modern vc_btn3-color-grey\" href=\"https:\/\/champagnecharlesjolly.com\/en\/perseverance-brut-rose\/\" title=\"Pers\u00e9v\u00e9rance Brut\">Discover<\/a><\/div><\/div><\/div><\/div><div class=\"wpb_column vc_column_container vc_col-sm-4\"><div class=\"vc_column-inner\"><div class=\"wpb_wrapper\">\n\t<div class=\"featured-image-box  text-align-center normal_hover_style\">\n\t\t<figure class=\"default\">\n\t\t\t <img decoding=\"async\" class=\"wp-post-image default\" src=\"https:\/\/champagnecharlesjolly.com\/wp-content\/uploads\/2021\/11\/Blanc-de-noir.png\" alt=\"\" \/> \n\t\t<figcaption>\n\t\t\t<h4>R\u00e9silience<\/h4>\n\t\t\t<p><\/p>\n\t\t<\/figcaption>\n\t\t<\/figure>\n\t<\/div> <div class=\"vc_btn3-container vc_btn3-center\" ><a class=\"vc_general vc_btn3 vc_btn3-size-md vc_btn3-shape-rounded vc_btn3-style-modern vc_btn3-color-grey\" href=\"https:\/\/champagnecharlesjolly.com\/en\/resilience-brut-blanc-de-noirs\/\" title=\"R\u00e9silience\">Discover<\/a><\/div><\/div><\/div><\/div><\/div><\/section>\n<\/div>","protected":false},"excerpt":{"rendered":"Nos Champagnes Transparence Brut Blanc de Blancs La Cuv\u00e9e Transparence refl\u00e8te la singularit\u00e9 et finesse de l'un des trois c\u00e9pages champenois, le Chardonnay. Cette cuv\u00e9e est, ainsi, assembl\u00e9e uniquement \u00e0 partir de raisins de Chardonnay lui conf\u00e9rant fra\u00eecheur, \u00e9l\u00e9gance et finesse de haute tenue. Commander Assemblage Transparence est un assemblage de Chardonnay. Dosage: 9g\/litre 100%<br class=\"read-more-spacer\"> <a class=\"more-link\" href=\"https:\/\/champagnecharlesjolly.com\/en\/transparence\/\">Read More<\/a>","protected":false},"author":2,"featured_media":0,"parent":0,"menu_order":0,"comment_status":"closed","ping_status":"closed","template":"","meta":{"footnotes":""},"class_list":["post-1765","page","type-page","status-publish","hentry"],"yoast_head":"<!-- This site is optimized with the Yoast SEO plugin v27.4 - https:\/\/yoast.com\/product\/yoast-seo-wordpress\/ -->\n<title>Transparence Brut Blanc de Blancs - Champagne Charles Jolly<\/title>\n<meta name=\"robots\" content=\"index, follow, max-snippet:-1, max-image-preview:large, max-video-preview:-1\" \/>\n<link rel=\"canonical\" href=\"https:\/\/champagnecharlesjolly.com\/en\/transparence\/\" \/>\n<meta property=\"og:locale\" content=\"en_GB\" \/>\n<meta property=\"og:type\" content=\"article\" \/>\n<meta property=\"og:title\" content=\"Transparence Brut Blanc de Blancs - Champagne Charles Jolly\" \/>\n<meta property=\"og:url\" content=\"https:\/\/champagnecharlesjolly.com\/en\/transparence\/\" \/>\n<meta property=\"og:site_name\" content=\"Champagne Charles Jolly\" \/>\n<meta property=\"article:modified_time\" content=\"2021-12-06T15:20:52+00:00\" \/>\n<meta name=\"twitter:card\" content=\"summary_large_image\" \/>\n<meta name=\"twitter:label1\" content=\"Estimated reading time\" \/>\n\t<meta name=\"twitter:data1\" content=\"2 minutes\" \/>\n<script type=\"application\/ld+json\" class=\"yoast-schema-graph\">{\"@context\":\"https:\\\/\\\/schema.org\",\"@graph\":[{\"@type\":\"WebPage\",\"@id\":\"https:\\\/\\\/champagnecharlesjolly.com\\\/transparence\\\/\",\"url\":\"https:\\\/\\\/champagnecharlesjolly.com\\\/transparence\\\/\",\"name\":\"Transparence Brut Blanc de Blancs - Champagne Charles Jolly\",\"isPartOf\":{\"@id\":\"https:\\\/\\\/champagnecharlesjolly.com\\\/#website\"},\"datePublished\":\"2020-08-06T11:46:41+00:00\",\"dateModified\":\"2021-12-06T15:20:52+00:00\",\"breadcrumb\":{\"@id\":\"https:\\\/\\\/champagnecharlesjolly.com\\\/transparence\\\/#breadcrumb\"},\"inLanguage\":\"en-GB\",\"potentialAction\":[{\"@type\":\"ReadAction\",\"target\":[\"https:\\\/\\\/champagnecharlesjolly.com\\\/transparence\\\/\"]}]},{\"@type\":\"BreadcrumbList\",\"@id\":\"https:\\\/\\\/champagnecharlesjolly.com\\\/transparence\\\/#breadcrumb\",\"itemListElement\":[{\"@type\":\"ListItem\",\"position\":1,\"name\":\"Accueil\",\"item\":\"https:\\\/\\\/champagnecharlesjolly.com\\\/\"},{\"@type\":\"ListItem\",\"position\":2,\"name\":\"Transparence Brut Blanc de Blancs\"}]},{\"@type\":\"WebSite\",\"@id\":\"https:\\\/\\\/champagnecharlesjolly.com\\\/#website\",\"url\":\"https:\\\/\\\/champagnecharlesjolly.com\\\/\",\"name\":\"Champagne Charles Jolly\",\"description\":\"Un savoir faire familial\",\"potentialAction\":[{\"@type\":\"SearchAction\",\"target\":{\"@type\":\"EntryPoint\",\"urlTemplate\":\"https:\\\/\\\/champagnecharlesjolly.com\\\/?s={search_term_string}\"},\"query-input\":{\"@type\":\"PropertyValueSpecification\",\"valueRequired\":true,\"valueName\":\"search_term_string\"}}],\"inLanguage\":\"en-GB\"}]}<\/script>\n<!-- \/ Yoast SEO plugin. -->","yoast_head_json":{"title":"Transparence Brut Blanc de Blancs - Champagne Charles Jolly","robots":{"index":"index","follow":"follow","max-snippet":"max-snippet:-1","max-image-preview":"max-image-preview:large","max-video-preview":"max-video-preview:-1"},"canonical":"https:\/\/champagnecharlesjolly.com\/en\/transparence\/","og_locale":"en_GB","og_type":"article","og_title":"Transparence Brut Blanc de Blancs - Champagne Charles Jolly","og_url":"https:\/\/champagnecharlesjolly.com\/en\/transparence\/","og_site_name":"Champagne Charles Jolly","article_modified_time":"2021-12-06T15:20:52+00:00","twitter_card":"summary_large_image","twitter_misc":{"Estimated reading time":"2 minutes"},"schema":{"@context":"https:\/\/schema.org","@graph":[{"@type":"WebPage","@id":"https:\/\/champagnecharlesjolly.com\/transparence\/","url":"https:\/\/champagnecharlesjolly.com\/transparence\/","name":"Transparence Brut Blanc de Blancs - Champagne Charles Jolly","isPartOf":{"@id":"https:\/\/champagnecharlesjolly.com\/#website"},"datePublished":"2020-08-06T11:46:41+00:00","dateModified":"2021-12-06T15:20:52+00:00","breadcrumb":{"@id":"https:\/\/champagnecharlesjolly.com\/transparence\/#breadcrumb"},"inLanguage":"en-GB","potentialAction":[{"@type":"ReadAction","target":["https:\/\/champagnecharlesjolly.com\/transparence\/"]}]},{"@type":"BreadcrumbList","@id":"https:\/\/champagnecharlesjolly.com\/transparence\/#breadcrumb","itemListElement":[{"@type":"ListItem","position":1,"name":"Accueil","item":"https:\/\/champagnecharlesjolly.com\/"},{"@type":"ListItem","position":2,"name":"Transparence Brut Blanc de Blancs"}]},{"@type":"WebSite","@id":"https:\/\/champagnecharlesjolly.com\/#website","url":"https:\/\/champagnecharlesjolly.com\/","name":"Champagne Charles Jolly","description":"Un savoir faire familial","potentialAction":[{"@type":"SearchAction","target":{"@type":"EntryPoint","urlTemplate":"https:\/\/champagnecharlesjolly.com\/?s={search_term_string}"},"query-input":{"@type":"PropertyValueSpecification","valueRequired":true,"valueName":"search_term_string"}}],"inLanguage":"en-GB"}]}},"_links":{"self":[{"href":"https:\/\/champagnecharlesjolly.com\/en\/wp-json\/wp\/v2\/pages\/1765","targetHints":{"allow":["GET"]}}],"collection":[{"href":"https:\/\/champagnecharlesjolly.com\/en\/wp-json\/wp\/v2\/pages"}],"about":[{"href":"https:\/\/champagnecharlesjolly.com\/en\/wp-json\/wp\/v2\/types\/page"}],"author":[{"embeddable":true,"href":"https:\/\/champagnecharlesjolly.com\/en\/wp-json\/wp\/v2\/users\/2"}],"replies":[{"embeddable":true,"href":"https:\/\/champagnecharlesjolly.com\/en\/wp-json\/wp\/v2\/comments?post=1765"}],"version-history":[{"count":21,"href":"https:\/\/champagnecharlesjolly.com\/en\/wp-json\/wp\/v2\/pages\/1765\/revisions"}],"predecessor-version":[{"id":2016,"href":"https:\/\/champagnecharlesjolly.com\/en\/wp-json\/wp\/v2\/pages\/1765\/revisions\/2016"}],"wp:attachment":[{"href":"https:\/\/champagnecharlesjolly.com\/en\/wp-json\/wp\/v2\/media?parent=1765"}],"curies":[{"name":"wp","href":"https:\/\/api.w.org\/{rel}","templated":true}]}}