{"id":1913,"date":"2021-11-14T19:41:26","date_gmt":"2021-11-14T18:41:26","guid":{"rendered":"https:\/\/champagnecharlesjolly.com\/?page_id=1913"},"modified":"2021-12-06T16:21:39","modified_gmt":"2021-12-06T15:21:39","slug":"resilience-brut-blanc-de-noirs","status":"publish","type":"page","link":"https:\/\/champagnecharlesjolly.com\/en\/resilience-brut-blanc-de-noirs\/","title":{"rendered":"R\u00e9silience Brut Blanc de Noirs"},"content":{"rendered":"<div class=\"wpb-content-wrapper\"><section class=\"vc_section vc_row-o-full-height vc_section-o-content-middle vc_section-flex\"><div class=\"vc_row wpb_row vc_row-fluid vc_row-o-equal-height vc_row-o-content-middle vc_row-flex\"><div class=\"wpb_column vc_column_container vc_col-sm-6\"><div class=\"vc_column-inner\"><div class=\"wpb_wrapper\">\n\t<div  class=\"wpb_single_image wpb_content_element vc_align_left\">\n\t\t\n\t\t<figure class=\"wpb_wrapper vc_figure\">\n\t\t\t<div class=\"vc_single_image-wrapper   vc_box_border_grey\"><img loading=\"lazy\" decoding=\"async\" width=\"600\" height=\"900\" src=\"https:\/\/champagnecharlesjolly.com\/wp-content\/uploads\/2021\/11\/Blanc-de-noir.png\" class=\"vc_single_image-img attachment-large\" alt=\"\" title=\"Blanc de noir\" srcset=\"https:\/\/champagnecharlesjolly.com\/wp-content\/uploads\/2021\/11\/Blanc-de-noir.png 600w, https:\/\/champagnecharlesjolly.com\/wp-content\/uploads\/2021\/11\/Blanc-de-noir-200x300.png 200w, https:\/\/champagnecharlesjolly.com\/wp-content\/uploads\/2021\/11\/Blanc-de-noir-8x12.png 8w\" sizes=\"auto, (max-width: 600px) 100vw, 600px\" \/><\/div>\n\t\t<\/figure>\n\t<\/div>\n<\/div><\/div><\/div><div class=\"wpb_column vc_column_container vc_col-sm-6\"><div class=\"vc_column-inner\"><div class=\"wpb_wrapper\">\n\t<div class=\"title-subtitle-box\" style=\" text-align: center;\">\n\t\t<span class=\"toptitle\">Nos Champagnes<\/span>\n\t\t<h1 style=\" text-transform: uppercase; font-weight: 400; letter-spacing: 0px;\" >R\u00e9silience Brut Blanc de Noirs<\/h1>\n\t<\/div> \n\t<div class=\"wpb_text_column wpb_content_element\" >\n\t\t<div class=\"wpb_wrapper\">\n\t\t\t<p style=\"text-align: justify;\">La Cuv\u00e9e R\u00e9silience refl\u00e8te toute la compl\u00e9mentarit\u00e9 et diversit\u00e9 des c\u00e9pages champenois et plus particuli\u00e8rement des Pinots, la richesse des terroirs et des vendanges de Champagne, pour r\u00e9v\u00e9ler dans son int\u00e9gralit\u00e9 la complexit\u00e9 qui la caract\u00e9rise.<\/p>\n\n\t\t<\/div>\n\t<\/div>\n<div class=\"vc_btn3-container vc_btn3-center\" ><a class=\"vc_general vc_btn3 vc_btn3-size-md vc_btn3-shape-rounded vc_btn3-style-modern vc_btn3-color-grey\" href=\"https:\/\/champagnecharlesjolly.com\/en\/resilience-brut-blanc-de-noirs\/\" title=\"R\u00e9silience Brut Blanc de Noirs\">Order<\/a><\/div><\/div><\/div><\/div><\/div><div class=\"vc_row wpb_row vc_row-fluid vc_row-o-equal-height vc_row-o-content-middle vc_row-flex\"><div class=\"wpb_column vc_column_container vc_col-sm-8\"><div class=\"vc_column-inner\"><div class=\"wpb_wrapper\">\n\t<div class=\"title-subtitle-box\" style=\" text-align: left;\">\n\t\t<h2 style=\" text-transform: uppercase; font-weight: 400; letter-spacing: 0px;\" >Assemblage<\/h2>\n\t<\/div> \n\t<div class=\"wpb_text_column wpb_content_element\" >\n\t\t<div class=\"wpb_wrapper\">\n\t\t\t<p style=\"text-align: justify;\">R\u00e9silience Brut est un assemblage dans lequel deux des trois c\u00e9pages champenois se compl\u00e8tent harmonieusement: le pinot meunier et le pinot noir. L&rsquo;\u00e9quilibre parfait entre les Pinots lui donne un style a\u00e9rien pr\u00e9sentant un \u00e9quilibre d\u00e9licat de fruits rouges (framboise, groseille, myrtille, cerise noire), une surprenante fra\u00eecheur et quelques notes d&rsquo;exotisme tel que le litchi.<\/p>\n<p style=\"text-align: justify;\">Dosage: 3,5g\/litre<\/p>\n<p style=\"text-align: justify;\">100% cuv\u00e9e<\/p>\n\n\t\t<\/div>\n\t<\/div>\n<\/div><\/div><\/div><div class=\"wpb_column vc_column_container vc_col-sm-4\"><div class=\"vc_column-inner\"><div class=\"wpb_wrapper\">\n\t<div  class=\"wpb_single_image wpb_content_element vc_align_left\">\n\t\t\n\t\t<figure class=\"wpb_wrapper vc_figure\">\n\t\t\t<div class=\"vc_single_image-wrapper   vc_box_border_grey\"><img loading=\"lazy\" decoding=\"async\" width=\"200\" height=\"300\" src=\"https:\/\/champagnecharlesjolly.com\/wp-content\/uploads\/2021\/11\/Grapes-200x300.jpg\" class=\"vc_single_image-img attachment-medium\" alt=\"\" title=\"Grapes\" srcset=\"https:\/\/champagnecharlesjolly.com\/wp-content\/uploads\/2021\/11\/Grapes-200x300.jpg 200w, https:\/\/champagnecharlesjolly.com\/wp-content\/uploads\/2021\/11\/Grapes-683x1024.jpg 683w, https:\/\/champagnecharlesjolly.com\/wp-content\/uploads\/2021\/11\/Grapes-768x1152.jpg 768w, https:\/\/champagnecharlesjolly.com\/wp-content\/uploads\/2021\/11\/Grapes-8x12.jpg 8w, https:\/\/champagnecharlesjolly.com\/wp-content\/uploads\/2021\/11\/Grapes.jpg 800w\" sizes=\"auto, (max-width: 200px) 100vw, 200px\" \/><\/div>\n\t\t<\/figure>\n\t<\/div>\n<\/div><\/div><\/div><\/div><div class=\"vc_row wpb_row vc_row-fluid vc_row-o-equal-height vc_row-o-content-middle vc_row-flex\"><div class=\"wpb_column vc_column_container vc_col-sm-4\"><div class=\"vc_column-inner\"><div class=\"wpb_wrapper\">\n\t<div  class=\"wpb_single_image wpb_content_element vc_align_left\">\n\t\t\n\t\t<figure class=\"wpb_wrapper vc_figure\">\n\t\t\t<div class=\"vc_single_image-wrapper   vc_box_border_grey\"><img loading=\"lazy\" decoding=\"async\" width=\"200\" height=\"300\" src=\"https:\/\/champagnecharlesjolly.com\/wp-content\/uploads\/2021\/11\/Glass-2-200x300.jpg\" class=\"vc_single_image-img attachment-medium\" alt=\"\" title=\"Glass 2\" srcset=\"https:\/\/champagnecharlesjolly.com\/wp-content\/uploads\/2021\/11\/Glass-2-200x300.jpg 200w, https:\/\/champagnecharlesjolly.com\/wp-content\/uploads\/2021\/11\/Glass-2-682x1024.jpg 682w, https:\/\/champagnecharlesjolly.com\/wp-content\/uploads\/2021\/11\/Glass-2-8x12.jpg 8w, https:\/\/champagnecharlesjolly.com\/wp-content\/uploads\/2021\/11\/Glass-2.jpg 687w\" sizes=\"auto, (max-width: 200px) 100vw, 200px\" \/><\/div>\n\t\t<\/figure>\n\t<\/div>\n<\/div><\/div><\/div><div class=\"wpb_column vc_column_container vc_col-sm-8\"><div class=\"vc_column-inner\"><div class=\"wpb_wrapper\">\n\t<div class=\"title-subtitle-box\" style=\" text-align: left;\">\n\t\t<h2 style=\" text-transform: uppercase; font-weight: 400; letter-spacing: 0px;\" >D\u00e9gustation<\/h2>\n\t<\/div> \n\t<div class=\"wpb_text_column wpb_content_element\" >\n\t\t<div class=\"wpb_wrapper\">\n\t\t\t<p style=\"text-align: justify;\">Nos Champagnes sont appr\u00e9ci\u00e9s tout au long du repas et tout particuli\u00e8rement \u00e0 l\u2019ap\u00e9ritif o\u00f9 leurs ar\u00f4mes d\u00e9licats seront davantage mis en valeur. Nous ne recommandons, cependant, pas de les d\u00e9guster en accompagnement des desserts, certaines de leurs saveurs pouvant \u00eatre alors masqu\u00e9es. La temp\u00e9rature recommand\u00e9e pour servir nos Champagnes est de 8\u00b0C.<\/p>\n<p>Son aromatique est intense et fruit\u00e9. R\u00e9silience accompagnera davantage votre table que vos ap\u00e9ritifs.<\/p>\n\n\t\t<\/div>\n\t<\/div>\n<\/div><\/div><\/div><\/div><div class=\"vc_row wpb_row vc_row-fluid vc_row-o-equal-height vc_row-o-content-middle vc_row-flex\"><div class=\"wpb_column vc_column_container vc_col-sm-12\"><div class=\"vc_column-inner\"><div class=\"wpb_wrapper\">\n\t<div class=\"title-subtitle-box\" style=\" text-align: left;\">\n\t\t<span class=\"toptitle\">D\u00e9couvrez aussi<\/span>\n\t\t<h1 style=\" text-transform: uppercase; font-weight: 400; letter-spacing: 0px;\" >Nos autres Champagnes<\/h1>\n\t<\/div> <\/div><\/div><\/div><\/div><div class=\"vc_row wpb_row vc_row-fluid\"><div class=\"wpb_column vc_column_container vc_col-sm-4\"><div class=\"vc_column-inner\"><div class=\"wpb_wrapper\">\n\t<div class=\"featured-image-box  text-align-center normal_hover_style\">\n\t\t<figure class=\"default\">\n\t\t\t <img decoding=\"async\" class=\"wp-post-image default\" src=\"https:\/\/champagnecharlesjolly.com\/wp-content\/uploads\/2021\/11\/Perseverence.png\" alt=\"\" \/> \n\t\t<figcaption>\n\t\t\t<h4>Pers\u00e9v\u00e9rance Brut<\/h4>\n\t\t\t<p><\/p>\n\t\t<\/figcaption>\n\t\t<\/figure>\n\t<\/div> <div class=\"vc_btn3-container vc_btn3-center\" ><a class=\"vc_general vc_btn3 vc_btn3-size-md vc_btn3-shape-rounded vc_btn3-style-modern vc_btn3-color-grey\" href=\"https:\/\/champagnecharlesjolly.com\/en\/perseverance-brut\/\" title=\"Pers\u00e9v\u00e9rance Brut\">Discover<\/a><\/div><\/div><\/div><\/div><div class=\"wpb_column vc_column_container vc_col-sm-4\"><div class=\"vc_column-inner\"><div class=\"wpb_wrapper\">\n\t<div class=\"featured-image-box  text-align-center normal_hover_style\">\n\t\t<figure class=\"default\">\n\t\t\t <img decoding=\"async\" class=\"wp-post-image default\" src=\"https:\/\/champagnecharlesjolly.com\/wp-content\/uploads\/2020\/04\/Rose-1.png\" alt=\"\" \/> \n\t\t<figcaption>\n\t\t\t<h4>Pers\u00e9v\u00e9rance Brut Ros\u00e9<\/h4>\n\t\t\t<p><\/p>\n\t\t<\/figcaption>\n\t\t<\/figure>\n\t<\/div> <div class=\"vc_btn3-container vc_btn3-center\" ><a class=\"vc_general vc_btn3 vc_btn3-size-md vc_btn3-shape-rounded vc_btn3-style-modern vc_btn3-color-grey\" href=\"https:\/\/champagnecharlesjolly.com\/en\/perseverance-brut-rose\/\" title=\"Pers\u00e9v\u00e9rance Brut Ros\u00e9\">Discover<\/a><\/div><\/div><\/div><\/div><div class=\"wpb_column vc_column_container vc_col-sm-4\"><div class=\"vc_column-inner\"><div class=\"wpb_wrapper\">\n\t<div class=\"featured-image-box  text-align-center normal_hover_style\">\n\t\t<figure class=\"default\">\n\t\t\t <img decoding=\"async\" class=\"wp-post-image default\" src=\"https:\/\/champagnecharlesjolly.com\/wp-content\/uploads\/2020\/08\/Blanc-de-blanc-bouteille-verte-sans-reflet.png\" alt=\"\" \/> \n\t\t<figcaption>\n\t\t\t<h4>Transparence<\/h4>\n\t\t\t<p><\/p>\n\t\t<\/figcaption>\n\t\t<\/figure>\n\t<\/div> <div class=\"vc_btn3-container vc_btn3-center\" ><a class=\"vc_general vc_btn3 vc_btn3-size-md vc_btn3-shape-rounded vc_btn3-style-modern vc_btn3-color-grey\" href=\"https:\/\/champagnecharlesjolly.com\/en\/transparence\/\" title=\"Transparence\">Discover<\/a><\/div><\/div><\/div><\/div><\/div><\/section>\n<\/div>","protected":false},"excerpt":{"rendered":"Nos Champagnes R\u00e9silience Brut Blanc de Noirs La Cuv\u00e9e R\u00e9silience refl\u00e8te toute la compl\u00e9mentarit\u00e9 et diversit\u00e9 des c\u00e9pages champenois et plus particuli\u00e8rement des Pinots, la richesse des terroirs et des vendanges de Champagne, pour r\u00e9v\u00e9ler dans son int\u00e9gralit\u00e9 la complexit\u00e9 qui la caract\u00e9rise. Commander Assemblage R\u00e9silience Brut est un assemblage dans lequel deux des trois<br class=\"read-more-spacer\"> <a class=\"more-link\" href=\"https:\/\/champagnecharlesjolly.com\/en\/resilience-brut-blanc-de-noirs\/\">Read More<\/a>","protected":false},"author":2,"featured_media":0,"parent":0,"menu_order":0,"comment_status":"closed","ping_status":"closed","template":"","meta":{"footnotes":""},"class_list":["post-1913","page","type-page","status-publish","hentry"],"yoast_head":"<!-- This site is optimized with the Yoast SEO plugin v27.4 - https:\/\/yoast.com\/product\/yoast-seo-wordpress\/ -->\n<title>R\u00e9silience Brut Blanc de Noirs - Champagne Charles Jolly<\/title>\n<meta name=\"robots\" content=\"index, follow, max-snippet:-1, max-image-preview:large, max-video-preview:-1\" \/>\n<link rel=\"canonical\" href=\"https:\/\/champagnecharlesjolly.com\/en\/resilience-brut-blanc-de-noirs\/\" \/>\n<meta property=\"og:locale\" content=\"en_GB\" \/>\n<meta property=\"og:type\" content=\"article\" \/>\n<meta property=\"og:title\" content=\"R\u00e9silience Brut Blanc de Noirs - Champagne Charles Jolly\" \/>\n<meta property=\"og:url\" content=\"https:\/\/champagnecharlesjolly.com\/en\/resilience-brut-blanc-de-noirs\/\" \/>\n<meta property=\"og:site_name\" content=\"Champagne Charles Jolly\" \/>\n<meta property=\"article:modified_time\" content=\"2021-12-06T15:21:39+00:00\" \/>\n<meta name=\"twitter:card\" content=\"summary_large_image\" \/>\n<meta name=\"twitter:label1\" content=\"Estimated reading time\" \/>\n\t<meta name=\"twitter:data1\" content=\"3 minutes\" \/>\n<script type=\"application\/ld+json\" class=\"yoast-schema-graph\">{\"@context\":\"https:\\\/\\\/schema.org\",\"@graph\":[{\"@type\":\"WebPage\",\"@id\":\"https:\\\/\\\/champagnecharlesjolly.com\\\/resilience-brut-blanc-de-noirs\\\/\",\"url\":\"https:\\\/\\\/champagnecharlesjolly.com\\\/resilience-brut-blanc-de-noirs\\\/\",\"name\":\"R\u00e9silience Brut Blanc de Noirs - Champagne Charles Jolly\",\"isPartOf\":{\"@id\":\"https:\\\/\\\/champagnecharlesjolly.com\\\/#website\"},\"datePublished\":\"2021-11-14T18:41:26+00:00\",\"dateModified\":\"2021-12-06T15:21:39+00:00\",\"breadcrumb\":{\"@id\":\"https:\\\/\\\/champagnecharlesjolly.com\\\/resilience-brut-blanc-de-noirs\\\/#breadcrumb\"},\"inLanguage\":\"en-GB\",\"potentialAction\":[{\"@type\":\"ReadAction\",\"target\":[\"https:\\\/\\\/champagnecharlesjolly.com\\\/resilience-brut-blanc-de-noirs\\\/\"]}]},{\"@type\":\"BreadcrumbList\",\"@id\":\"https:\\\/\\\/champagnecharlesjolly.com\\\/resilience-brut-blanc-de-noirs\\\/#breadcrumb\",\"itemListElement\":[{\"@type\":\"ListItem\",\"position\":1,\"name\":\"Accueil\",\"item\":\"https:\\\/\\\/champagnecharlesjolly.com\\\/\"},{\"@type\":\"ListItem\",\"position\":2,\"name\":\"R\u00e9silience Brut Blanc de Noirs\"}]},{\"@type\":\"WebSite\",\"@id\":\"https:\\\/\\\/champagnecharlesjolly.com\\\/#website\",\"url\":\"https:\\\/\\\/champagnecharlesjolly.com\\\/\",\"name\":\"Champagne Charles Jolly\",\"description\":\"Un savoir faire familial\",\"potentialAction\":[{\"@type\":\"SearchAction\",\"target\":{\"@type\":\"EntryPoint\",\"urlTemplate\":\"https:\\\/\\\/champagnecharlesjolly.com\\\/?s={search_term_string}\"},\"query-input\":{\"@type\":\"PropertyValueSpecification\",\"valueRequired\":true,\"valueName\":\"search_term_string\"}}],\"inLanguage\":\"en-GB\"}]}<\/script>\n<!-- \/ Yoast SEO plugin. -->","yoast_head_json":{"title":"R\u00e9silience Brut Blanc de Noirs - Champagne Charles Jolly","robots":{"index":"index","follow":"follow","max-snippet":"max-snippet:-1","max-image-preview":"max-image-preview:large","max-video-preview":"max-video-preview:-1"},"canonical":"https:\/\/champagnecharlesjolly.com\/en\/resilience-brut-blanc-de-noirs\/","og_locale":"en_GB","og_type":"article","og_title":"R\u00e9silience Brut Blanc de Noirs - Champagne Charles Jolly","og_url":"https:\/\/champagnecharlesjolly.com\/en\/resilience-brut-blanc-de-noirs\/","og_site_name":"Champagne Charles Jolly","article_modified_time":"2021-12-06T15:21:39+00:00","twitter_card":"summary_large_image","twitter_misc":{"Estimated reading time":"3 minutes"},"schema":{"@context":"https:\/\/schema.org","@graph":[{"@type":"WebPage","@id":"https:\/\/champagnecharlesjolly.com\/resilience-brut-blanc-de-noirs\/","url":"https:\/\/champagnecharlesjolly.com\/resilience-brut-blanc-de-noirs\/","name":"R\u00e9silience Brut Blanc de Noirs - Champagne Charles Jolly","isPartOf":{"@id":"https:\/\/champagnecharlesjolly.com\/#website"},"datePublished":"2021-11-14T18:41:26+00:00","dateModified":"2021-12-06T15:21:39+00:00","breadcrumb":{"@id":"https:\/\/champagnecharlesjolly.com\/resilience-brut-blanc-de-noirs\/#breadcrumb"},"inLanguage":"en-GB","potentialAction":[{"@type":"ReadAction","target":["https:\/\/champagnecharlesjolly.com\/resilience-brut-blanc-de-noirs\/"]}]},{"@type":"BreadcrumbList","@id":"https:\/\/champagnecharlesjolly.com\/resilience-brut-blanc-de-noirs\/#breadcrumb","itemListElement":[{"@type":"ListItem","position":1,"name":"Accueil","item":"https:\/\/champagnecharlesjolly.com\/"},{"@type":"ListItem","position":2,"name":"R\u00e9silience Brut Blanc de Noirs"}]},{"@type":"WebSite","@id":"https:\/\/champagnecharlesjolly.com\/#website","url":"https:\/\/champagnecharlesjolly.com\/","name":"Champagne Charles Jolly","description":"Un savoir faire familial","potentialAction":[{"@type":"SearchAction","target":{"@type":"EntryPoint","urlTemplate":"https:\/\/champagnecharlesjolly.com\/?s={search_term_string}"},"query-input":{"@type":"PropertyValueSpecification","valueRequired":true,"valueName":"search_term_string"}}],"inLanguage":"en-GB"}]}},"_links":{"self":[{"href":"https:\/\/champagnecharlesjolly.com\/en\/wp-json\/wp\/v2\/pages\/1913","targetHints":{"allow":["GET"]}}],"collection":[{"href":"https:\/\/champagnecharlesjolly.com\/en\/wp-json\/wp\/v2\/pages"}],"about":[{"href":"https:\/\/champagnecharlesjolly.com\/en\/wp-json\/wp\/v2\/types\/page"}],"author":[{"embeddable":true,"href":"https:\/\/champagnecharlesjolly.com\/en\/wp-json\/wp\/v2\/users\/2"}],"replies":[{"embeddable":true,"href":"https:\/\/champagnecharlesjolly.com\/en\/wp-json\/wp\/v2\/comments?post=1913"}],"version-history":[{"count":8,"href":"https:\/\/champagnecharlesjolly.com\/en\/wp-json\/wp\/v2\/pages\/1913\/revisions"}],"predecessor-version":[{"id":2017,"href":"https:\/\/champagnecharlesjolly.com\/en\/wp-json\/wp\/v2\/pages\/1913\/revisions\/2017"}],"wp:attachment":[{"href":"https:\/\/champagnecharlesjolly.com\/en\/wp-json\/wp\/v2\/media?parent=1913"}],"curies":[{"name":"wp","href":"https:\/\/api.w.org\/{rel}","templated":true}]}}