{"id":591,"date":"2017-04-26T13:44:10","date_gmt":"2017-04-26T13:44:10","guid":{"rendered":"http:\/\/okthemes.com\/luxwinedemo-light\/?page_id=591"},"modified":"2021-03-19T11:14:56","modified_gmt":"2021-03-19T10:14:56","slug":"notre-engagement","status":"publish","type":"page","link":"https:\/\/champagnecharlesjolly.com\/en\/notre-engagement\/","title":{"rendered":"Our commitment"},"content":{"rendered":"<div class=\"wpb-content-wrapper\"><section class=\"vc_section\"><div class=\"vc_row wpb_row vc_row-fluid vc_row-o-content-middle vc_row-flex\"><div class=\"wpb_column vc_column_container vc_col-sm-12\"><div class=\"vc_column-inner\"><div class=\"wpb_wrapper\">\n\t<div class=\"title-subtitle-box   \" style=\" text-align: left;\">\n\t\t<h1 style=\" text-transform: uppercase; font-weight: 400; letter-spacing: 0px;\" >Nos priorit\u00e9s<\/h1>\n\t<\/div> \n\t<div class=\"wpb_text_column wpb_content_element \" >\n\t\t<div class=\"wpb_wrapper\">\n\t\t\t<p style=\"text-align: justify;\">La respect de l\u2019environnement ainsi que la pr\u00e9servation de la faune et de la flore figurent parmi les priorit\u00e9s du Domaine. A ce titre, la biodiversit\u00e9 est favoris\u00e9e par divers am\u00e9nagements au vignoble ainsi que la mise en place de pratiques viticoles respectueuses de l\u2019environnement telles que la non-utilisation de tout insecticide et de tout d\u00e9sherbant de synth\u00e8se.<\/p>\n\n\t\t<\/div>\n\t<\/div>\n<div class=\"vc_empty_space\"   style=\"height: 32px\"><span class=\"vc_empty_space_inner\"><\/span><\/div>\n\t<div class=\"\">\n\t<div class=\"gg_images_slider\">\n\t<div  data-slick='{  \"slidesToShow\": 3,  \"arrows\": true,  \"dots\": true,  \"autoplay\": true,  \"infinite\": true,  \"slidesToScroll\": 1,  \"responsive\": [{\"breakpoint\": 1024, \"settings\": {\"slidesToShow\": 3, \"slidesToScroll\": 1}}, {\"breakpoint\": 600, \"settings\": {\"slidesToShow\": 2, \"slidesToScroll\": 1}}, {\"breakpoint\": 480, \"settings\": {\"slidesToShow\": 1, \"slidesToScroll\": 1}}]  }'  class=\"el-grid no_magnific products row gg-slick-carousel \" data-layout-mode=\"fitRows\" data-pagination=\"\"><div class=\"3\"><img decoding=\"async\" class=\"\" src=\"https:\/\/champagnecharlesjolly.com\/wp-content\/uploads\/2020\/08\/IMG_6828-scaled-1200x600.jpg\" width=\"1200\" height=\"600\" alt=\"IMG_6828\" title=\"IMG_6828\" loading=\"lazy\" \/><\/div><div class=\"3\"><img decoding=\"async\" class=\"\" src=\"https:\/\/champagnecharlesjolly.com\/wp-content\/uploads\/2020\/08\/IMG_4091-scaled-1200x600.jpg\" width=\"1200\" height=\"600\" alt=\"IMG_4091\" title=\"IMG_4091\" loading=\"lazy\" \/><\/div><div class=\"3\"><img decoding=\"async\" class=\"\" src=\"https:\/\/champagnecharlesjolly.com\/wp-content\/uploads\/2020\/08\/IMG_6876-scaled-1200x600.jpg\" width=\"1200\" height=\"600\" alt=\"IMG_6876\" title=\"IMG_6876\" loading=\"lazy\" \/><\/div>\n\t<\/div>\n\t<\/div>\n\t<\/div><\/div><\/div><\/div><\/div><\/section><section class=\"vc_section\"><div class=\"vc_row wpb_row vc_row-fluid\"><div class=\"wpb_column vc_column_container vc_col-sm-12\"><div class=\"vc_column-inner\"><div class=\"wpb_wrapper\">\n\t<div class=\"title-subtitle-box   \" style=\" text-align: left;\">\n\t\t<h1 style=\" text-transform: uppercase; font-weight: 400; letter-spacing: 0px;\" >Un savoir-faire reconnu<\/h1>\n\t<\/div> \n\t<div class=\"wpb_text_column wpb_content_element \" >\n\t\t<div class=\"wpb_wrapper\">\n\t\t\t<p style=\"text-align: justify;\">Notre engagement pour une viticulture durable se refl\u00e8te au travers des statuts strictement r\u00e9glement\u00e9s \u00ab d\u2019Exploitation de Haute Valeur Environnementale \u00bb et Viticulture Durable en Champagne.<\/p>\n<p style=\"text-align: justify;\">La certification <strong>Haute Valeur Environnementale<\/strong> est une certification issue d\u2019une d\u00e9marche progressive \u00e0 vis\u00e9e environnementale que peuvent obtenir les exploitations agricoles et viticoles se souciant de l\u2019impact de leurs pratiques sur l\u2019environnement naturel.<\/p>\n<p style=\"text-align: justify;\">La certification <strong>Viticulture Durable en Champagne<\/strong> est reconnue par le Minist\u00e8re de l\u2019Agriculture et accord\u00e9e par des organismes certificateurs ind\u00e9pendants.<\/p>\n<p style=\"text-align: justify;\">Bien que diff\u00e9rentes, ces deux certifications sont compl\u00e9mentaires et soulignent notre engagement fort pour des pratiques viticoles soutenables et en accord avec la pr\u00e9servation de la faune et de la flore.<\/p>\n\n\t\t<\/div>\n\t<\/div>\n\n\t<div  class=\"wpb_single_image wpb_content_element vc_align_center\">\n\t\t\n\t\t<figure class=\"wpb_wrapper vc_figure\">\n\t\t\t<div class=\"vc_single_image-wrapper   vc_box_border_grey\"><img loading=\"lazy\" decoding=\"async\" width=\"300\" height=\"143\" src=\"https:\/\/champagnecharlesjolly.com\/wp-content\/uploads\/2020\/08\/engagement-300x143.png\" class=\"vc_single_image-img attachment-medium\" alt=\"\" title=\"engagement\" srcset=\"https:\/\/champagnecharlesjolly.com\/wp-content\/uploads\/2020\/08\/engagement-300x143.png 300w, https:\/\/champagnecharlesjolly.com\/wp-content\/uploads\/2020\/08\/engagement-1024x488.png 1024w, https:\/\/champagnecharlesjolly.com\/wp-content\/uploads\/2020\/08\/engagement-768x366.png 768w, https:\/\/champagnecharlesjolly.com\/wp-content\/uploads\/2020\/08\/engagement.png 1074w\" sizes=\"auto, (max-width: 300px) 100vw, 300px\" \/><\/div>\n\t\t<\/figure>\n\t<\/div>\n<\/div><\/div><\/div><\/div><\/section>\n<\/div>","protected":false},"excerpt":{"rendered":"Nos priorit\u00e9s La respect de l\u2019environnement ainsi que la pr\u00e9servation de la faune et de la flore figurent parmi les priorit\u00e9s du Domaine. A ce titre, la biodiversit\u00e9 est favoris\u00e9e par divers am\u00e9nagements au vignoble ainsi que la mise en place de pratiques viticoles respectueuses de l\u2019environnement telles que la non-utilisation de tout insecticide et<br class=\"read-more-spacer\"> <a class=\"more-link\" href=\"https:\/\/champagnecharlesjolly.com\/en\/notre-engagement\/\">Read More<\/a>","protected":false},"author":1,"featured_media":1874,"parent":0,"menu_order":0,"comment_status":"closed","ping_status":"closed","template":"","meta":{"footnotes":""},"class_list":["post-591","page","type-page","status-publish","has-post-thumbnail","hentry"],"yoast_head":"<!-- This site is optimized with the Yoast SEO plugin v27.4 - https:\/\/yoast.com\/product\/yoast-seo-wordpress\/ -->\n<title>Notre engagement - Champagne Charles Jolly<\/title>\n<meta name=\"robots\" content=\"index, follow, max-snippet:-1, max-image-preview:large, max-video-preview:-1\" \/>\n<link rel=\"canonical\" href=\"https:\/\/champagnecharlesjolly.com\/en\/notre-engagement\/\" \/>\n<meta property=\"og:locale\" content=\"en_GB\" \/>\n<meta property=\"og:type\" content=\"article\" \/>\n<meta property=\"og:title\" content=\"Notre engagement - Champagne Charles Jolly\" \/>\n<meta property=\"og:url\" content=\"https:\/\/champagnecharlesjolly.com\/en\/notre-engagement\/\" \/>\n<meta property=\"og:site_name\" content=\"Champagne Charles Jolly\" \/>\n<meta property=\"article:modified_time\" content=\"2021-03-19T10:14:56+00:00\" \/>\n<meta property=\"og:image\" content=\"https:\/\/champagnecharlesjolly.com\/wp-content\/uploads\/2020\/08\/photo-1566941044120-91b28630f91c-e1619259342870.jpg\" \/>\n\t<meta property=\"og:image:width\" content=\"966\" \/>\n\t<meta property=\"og:image:height\" content=\"282\" \/>\n\t<meta property=\"og:image:type\" content=\"image\/jpeg\" \/>\n<meta name=\"twitter:card\" content=\"summary_large_image\" \/>\n<meta name=\"twitter:label1\" content=\"Estimated reading time\" \/>\n\t<meta name=\"twitter:data1\" content=\"1 minute\" \/>\n<script type=\"application\/ld+json\" class=\"yoast-schema-graph\">{\"@context\":\"https:\\\/\\\/schema.org\",\"@graph\":[{\"@type\":\"WebPage\",\"@id\":\"https:\\\/\\\/champagnecharlesjolly.com\\\/notre-engagement\\\/\",\"url\":\"https:\\\/\\\/champagnecharlesjolly.com\\\/notre-engagement\\\/\",\"name\":\"Notre engagement - Champagne Charles Jolly\",\"isPartOf\":{\"@id\":\"https:\\\/\\\/champagnecharlesjolly.com\\\/#website\"},\"primaryImageOfPage\":{\"@id\":\"https:\\\/\\\/champagnecharlesjolly.com\\\/notre-engagement\\\/#primaryimage\"},\"image\":{\"@id\":\"https:\\\/\\\/champagnecharlesjolly.com\\\/notre-engagement\\\/#primaryimage\"},\"thumbnailUrl\":\"https:\\\/\\\/champagnecharlesjolly.com\\\/wp-content\\\/uploads\\\/2020\\\/08\\\/photo-1566941044120-91b28630f91c-e1619259342870.jpg\",\"datePublished\":\"2017-04-26T13:44:10+00:00\",\"dateModified\":\"2021-03-19T10:14:56+00:00\",\"breadcrumb\":{\"@id\":\"https:\\\/\\\/champagnecharlesjolly.com\\\/notre-engagement\\\/#breadcrumb\"},\"inLanguage\":\"en-GB\",\"potentialAction\":[{\"@type\":\"ReadAction\",\"target\":[\"https:\\\/\\\/champagnecharlesjolly.com\\\/notre-engagement\\\/\"]}]},{\"@type\":\"ImageObject\",\"inLanguage\":\"en-GB\",\"@id\":\"https:\\\/\\\/champagnecharlesjolly.com\\\/notre-engagement\\\/#primaryimage\",\"url\":\"https:\\\/\\\/champagnecharlesjolly.com\\\/wp-content\\\/uploads\\\/2020\\\/08\\\/photo-1566941044120-91b28630f91c-e1619259342870.jpg\",\"contentUrl\":\"https:\\\/\\\/champagnecharlesjolly.com\\\/wp-content\\\/uploads\\\/2020\\\/08\\\/photo-1566941044120-91b28630f91c-e1619259342870.jpg\",\"width\":966,\"height\":282},{\"@type\":\"BreadcrumbList\",\"@id\":\"https:\\\/\\\/champagnecharlesjolly.com\\\/notre-engagement\\\/#breadcrumb\",\"itemListElement\":[{\"@type\":\"ListItem\",\"position\":1,\"name\":\"Accueil\",\"item\":\"https:\\\/\\\/champagnecharlesjolly.com\\\/\"},{\"@type\":\"ListItem\",\"position\":2,\"name\":\"Notre engagement\"}]},{\"@type\":\"WebSite\",\"@id\":\"https:\\\/\\\/champagnecharlesjolly.com\\\/#website\",\"url\":\"https:\\\/\\\/champagnecharlesjolly.com\\\/\",\"name\":\"Champagne Charles Jolly\",\"description\":\"Un savoir faire familial\",\"potentialAction\":[{\"@type\":\"SearchAction\",\"target\":{\"@type\":\"EntryPoint\",\"urlTemplate\":\"https:\\\/\\\/champagnecharlesjolly.com\\\/?s={search_term_string}\"},\"query-input\":{\"@type\":\"PropertyValueSpecification\",\"valueRequired\":true,\"valueName\":\"search_term_string\"}}],\"inLanguage\":\"en-GB\"}]}<\/script>\n<!-- \/ Yoast SEO plugin. -->","yoast_head_json":{"title":"Notre engagement - Champagne Charles Jolly","robots":{"index":"index","follow":"follow","max-snippet":"max-snippet:-1","max-image-preview":"max-image-preview:large","max-video-preview":"max-video-preview:-1"},"canonical":"https:\/\/champagnecharlesjolly.com\/en\/notre-engagement\/","og_locale":"en_GB","og_type":"article","og_title":"Notre engagement - Champagne Charles Jolly","og_url":"https:\/\/champagnecharlesjolly.com\/en\/notre-engagement\/","og_site_name":"Champagne Charles Jolly","article_modified_time":"2021-03-19T10:14:56+00:00","og_image":[{"width":966,"height":282,"url":"https:\/\/champagnecharlesjolly.com\/wp-content\/uploads\/2020\/08\/photo-1566941044120-91b28630f91c-e1619259342870.jpg","type":"image\/jpeg"}],"twitter_card":"summary_large_image","twitter_misc":{"Estimated reading time":"1 minute"},"schema":{"@context":"https:\/\/schema.org","@graph":[{"@type":"WebPage","@id":"https:\/\/champagnecharlesjolly.com\/notre-engagement\/","url":"https:\/\/champagnecharlesjolly.com\/notre-engagement\/","name":"Notre engagement - Champagne Charles Jolly","isPartOf":{"@id":"https:\/\/champagnecharlesjolly.com\/#website"},"primaryImageOfPage":{"@id":"https:\/\/champagnecharlesjolly.com\/notre-engagement\/#primaryimage"},"image":{"@id":"https:\/\/champagnecharlesjolly.com\/notre-engagement\/#primaryimage"},"thumbnailUrl":"https:\/\/champagnecharlesjolly.com\/wp-content\/uploads\/2020\/08\/photo-1566941044120-91b28630f91c-e1619259342870.jpg","datePublished":"2017-04-26T13:44:10+00:00","dateModified":"2021-03-19T10:14:56+00:00","breadcrumb":{"@id":"https:\/\/champagnecharlesjolly.com\/notre-engagement\/#breadcrumb"},"inLanguage":"en-GB","potentialAction":[{"@type":"ReadAction","target":["https:\/\/champagnecharlesjolly.com\/notre-engagement\/"]}]},{"@type":"ImageObject","inLanguage":"en-GB","@id":"https:\/\/champagnecharlesjolly.com\/notre-engagement\/#primaryimage","url":"https:\/\/champagnecharlesjolly.com\/wp-content\/uploads\/2020\/08\/photo-1566941044120-91b28630f91c-e1619259342870.jpg","contentUrl":"https:\/\/champagnecharlesjolly.com\/wp-content\/uploads\/2020\/08\/photo-1566941044120-91b28630f91c-e1619259342870.jpg","width":966,"height":282},{"@type":"BreadcrumbList","@id":"https:\/\/champagnecharlesjolly.com\/notre-engagement\/#breadcrumb","itemListElement":[{"@type":"ListItem","position":1,"name":"Accueil","item":"https:\/\/champagnecharlesjolly.com\/"},{"@type":"ListItem","position":2,"name":"Notre engagement"}]},{"@type":"WebSite","@id":"https:\/\/champagnecharlesjolly.com\/#website","url":"https:\/\/champagnecharlesjolly.com\/","name":"Champagne Charles Jolly","description":"Un savoir faire familial","potentialAction":[{"@type":"SearchAction","target":{"@type":"EntryPoint","urlTemplate":"https:\/\/champagnecharlesjolly.com\/?s={search_term_string}"},"query-input":{"@type":"PropertyValueSpecification","valueRequired":true,"valueName":"search_term_string"}}],"inLanguage":"en-GB"}]}},"_links":{"self":[{"href":"https:\/\/champagnecharlesjolly.com\/en\/wp-json\/wp\/v2\/pages\/591","targetHints":{"allow":["GET"]}}],"collection":[{"href":"https:\/\/champagnecharlesjolly.com\/en\/wp-json\/wp\/v2\/pages"}],"about":[{"href":"https:\/\/champagnecharlesjolly.com\/en\/wp-json\/wp\/v2\/types\/page"}],"author":[{"embeddable":true,"href":"https:\/\/champagnecharlesjolly.com\/en\/wp-json\/wp\/v2\/users\/1"}],"replies":[{"embeddable":true,"href":"https:\/\/champagnecharlesjolly.com\/en\/wp-json\/wp\/v2\/comments?post=591"}],"version-history":[{"count":48,"href":"https:\/\/champagnecharlesjolly.com\/en\/wp-json\/wp\/v2\/pages\/591\/revisions"}],"predecessor-version":[{"id":1896,"href":"https:\/\/champagnecharlesjolly.com\/en\/wp-json\/wp\/v2\/pages\/591\/revisions\/1896"}],"wp:featuredmedia":[{"embeddable":true,"href":"https:\/\/champagnecharlesjolly.com\/en\/wp-json\/wp\/v2\/media\/1874"}],"wp:attachment":[{"href":"https:\/\/champagnecharlesjolly.com\/en\/wp-json\/wp\/v2\/media?parent=591"}],"curies":[{"name":"wp","href":"https:\/\/api.w.org\/{rel}","templated":true}]}}