{"id":593,"date":"2017-04-26T13:44:24","date_gmt":"2017-04-26T13:44:24","guid":{"rendered":"http:\/\/okthemes.com\/luxwinedemo-light\/?page_id=593"},"modified":"2020-09-24T14:40:12","modified_gmt":"2020-09-24T12:40:12","slug":"notre-histoire","status":"publish","type":"page","link":"https:\/\/champagnecharlesjolly.com\/en\/notre-histoire\/","title":{"rendered":"Notre histoire"},"content":{"rendered":"<div class=\"wpb-content-wrapper\"><div class=\"vc_row wpb_row vc_row-fluid gg-force-background-bottom vc_custom_1596535750244 vc_row-has-fill\"><div class=\"wpb_column vc_column_container vc_col-sm-12 vc_col-has-fill\"><div class=\"vc_column-inner vc_custom_1596535690313\"><div class=\"wpb_wrapper\"><section id=\"cd-timeline\" class=\"cd-container horizontal\">\n\t<div class=\"cd-timeline-block\">\n\t\t<div class=\"cd-timeline-img\">\n\t\t<\/div>\n\t\t<div class=\"cd-timeline-content\">\n\t\t <img decoding=\"async\" class=\"wp-post-image\" src=\"https:\/\/champagnecharlesjolly.com\/wp-content\/uploads\/2020\/08\/Photo-Charles-1-2.png\" alt=\"\" \/> \n\t\t<div class=\"cd-timeline-content-wrapper\">\n\t\t<p class=\"cd-title\">CHARLES JOLLY<\/p>\n\t\t<p><\/p>\n\t\t<h4 class=\"cd-date\">1st generation<\/h4>\n\t\t<\/div>\n\t\t<\/div>\n\t<\/div>\n\t<div class=\"cd-timeline-block\">\n\t\t<div class=\"cd-timeline-img\">\n\t\t<\/div>\n\t\t<div class=\"cd-timeline-content\">\n\t\t <img decoding=\"async\" class=\"wp-post-image\" src=\"https:\/\/champagnecharlesjolly.com\/wp-content\/uploads\/2020\/08\/Photo-Charles-1-2.png\" alt=\"\" \/> \n\t\t<div class=\"cd-timeline-content-wrapper\">\n\t\t<p class=\"cd-title\">CHARLES JOLLY<\/p>\n\t\t<p><\/p>\n\t\t<h4 class=\"cd-date\">1st generation<\/h4>\n\t\t<\/div>\n\t\t<\/div>\n\t<\/div>\n\t<div class=\"cd-timeline-block\">\n\t\t<div class=\"cd-timeline-img\">\n\t\t<\/div>\n\t\t<div class=\"cd-timeline-content\">\n\t\t <img decoding=\"async\" class=\"wp-post-image\" src=\"https:\/\/champagnecharlesjolly.com\/wp-content\/uploads\/2020\/08\/Photo-Ren\u00e9-1.png\" alt=\"\" \/> \n\t\t<div class=\"cd-timeline-content-wrapper\">\n\t\t<p class=\"cd-title\">REN\u00c9 JOLLY<\/p>\n\t\t<p><\/p>\n\t\t<h4 class=\"cd-date\">2nd generation<\/h4>\n\t\t<\/div>\n\t\t<\/div>\n\t<\/div>\n\t<div class=\"cd-timeline-block\">\n\t\t<div class=\"cd-timeline-img\">\n\t\t<\/div>\n\t\t<div class=\"cd-timeline-content\">\n\t\t <img decoding=\"async\" class=\"wp-post-image\" src=\"https:\/\/champagnecharlesjolly.com\/wp-content\/uploads\/2018\/02\/tall-dummy-image.jpg\" alt=\"\" \/> \n\t\t<div class=\"cd-timeline-content-wrapper\">\n\t\t<p class=\"cd-title\">PHILIPPE JOLLY<\/p>\n\t\t<p>Lorem ipsum dolor sit amet, consectetur adipiscing elit. Aliquam porta, dui in consequat placerat, libero magna pretium sapien, quis bibendum massa nulla a tellus. Fusce pharetra felis vel magna lacinia, sed dapibus est faucibus. Donec nec urna placerat, bibendum enim id, venenatis ante.<\/p>\n\t\t<h4 class=\"cd-date\">3rd generation<\/h4>\n\t\t<\/div>\n\t\t<\/div>\n\t<\/div>\n\t<div class=\"cd-timeline-block\">\n\t\t<div class=\"cd-timeline-img\">\n\t\t<\/div>\n\t\t<div class=\"cd-timeline-content\">\n\t\t <img decoding=\"async\" class=\"wp-post-image\" src=\"https:\/\/champagnecharlesjolly.com\/wp-content\/uploads\/2018\/02\/tall-dummy-image.jpg\" alt=\"\" \/> \n\t\t<div class=\"cd-timeline-content-wrapper\">\n\t\t<p class=\"cd-title\">CHARLES JOLLY &amp; ASSOCI\u00c9S<\/p>\n\t\t<p>Lorem ipsum dolor sit amet, consectetur adipiscing elit. Aliquam porta, dui in consequat placerat, libero magna pretium sapien, quis bibendum massa nulla a tellus. Fusce pharetra felis vel magna lacinia, sed dapibus est faucibus. Donec nec urna placerat, bibendum enim id, venenatis ante.<\/p>\n\t\t<h4 class=\"cd-date\">4th generation<\/h4>\n\t\t<\/div>\n\t\t<\/div>\n\t<\/div><\/section><\/div><\/div><\/div><\/div><div data-vc-full-width=\"true\" data-vc-full-width-init=\"false\" class=\"vc_row wpb_row vc_row-fluid vc_custom_1517560487592 vc_row-has-fill\"><div class=\"wpb_column vc_column_container vc_col-sm-2\"><div class=\"vc_column-inner\"><div class=\"wpb_wrapper\"><\/div><\/div><\/div><div class=\"wpb_column vc_column_container vc_col-sm-8\"><div class=\"vc_column-inner\"><div class=\"wpb_wrapper\">\n\t<div class=\"title-subtitle-box\" style=\" text-align: center;\">\n\t\t<h1 style=\" text-transform: uppercase; font-weight: 400; letter-spacing: 0px;\" >The family message<\/h1>\n\t<\/div> \n\t<div class=\"wpb_text_column wpb_content_element\" >\n\t\t<div class=\"wpb_wrapper\">\n\t\t\t<p style=\"text-align: center;\">Lorem ipsum dolor sit amet, consectetur adipiscing elit. Praesent fermentum lorem sed molestie iaculis. Praesent sit amet finibus diam, at tempus nunc. Maecenas vitae nunc nec nulla porttitor eleifend id id arcu. Sed a tellus tincidunt dui fringilla suscipit in eu est. Nam mollis odio tempus, accumsan lectus non, porttitor magna.<\/p>\n\n\t\t<\/div>\n\t<\/div>\n<\/div><\/div><\/div><div class=\"wpb_column vc_column_container vc_col-sm-2\"><div class=\"vc_column-inner\"><div class=\"wpb_wrapper\"><\/div><\/div><\/div><\/div><div class=\"vc_row-full-width vc_clearfix\"><\/div>\n<\/div>","protected":false},"excerpt":{"rendered":"CHARLES JOLLY 1\u00e8re g\u00e9n\u00e9ration CHARLES JOLLY 1\u00e8re g\u00e9n\u00e9ration REN\u00c9 JOLLY 2\u00e8me g\u00e9n\u00e9ration PHILIPPE JOLLY Lorem ipsum dolor sit amet, consectetur adipiscing elit. Aliquam porta, dui in consequat placerat, libero magna pretium sapien, quis bibendum massa nulla a tellus. Fusce pharetra felis vel magna lacinia, sed dapibus est faucibus. Donec nec urna placerat, bibendum enim id,<br class=\"read-more-spacer\"> <a class=\"more-link\" href=\"https:\/\/champagnecharlesjolly.com\/en\/notre-histoire\/\">Read More<\/a>","protected":false},"author":1,"featured_media":1466,"parent":0,"menu_order":0,"comment_status":"closed","ping_status":"closed","template":"","meta":{"footnotes":""},"class_list":["post-593","page","type-page","status-publish","has-post-thumbnail","hentry"],"yoast_head":"<!-- This site is optimized with the Yoast SEO plugin v27.5 - https:\/\/yoast.com\/product\/yoast-seo-wordpress\/ -->\n<title>Notre histoire - Champagne Charles Jolly<\/title>\n<meta name=\"robots\" content=\"index, follow, max-snippet:-1, max-image-preview:large, max-video-preview:-1\" \/>\n<link rel=\"canonical\" href=\"https:\/\/champagnecharlesjolly.com\/en\/notre-histoire\/\" \/>\n<meta property=\"og:locale\" content=\"en_GB\" \/>\n<meta property=\"og:type\" content=\"article\" \/>\n<meta property=\"og:title\" content=\"Notre histoire - Champagne Charles Jolly\" \/>\n<meta property=\"og:url\" content=\"https:\/\/champagnecharlesjolly.com\/en\/notre-histoire\/\" \/>\n<meta property=\"og:site_name\" content=\"Champagne Charles Jolly\" \/>\n<meta property=\"article:modified_time\" content=\"2020-09-24T12:40:12+00:00\" \/>\n<meta property=\"og:image\" content=\"https:\/\/champagnecharlesjolly.com\/wp-content\/uploads\/2018\/02\/homepage-slider-dummy-1.jpg\" \/>\n\t<meta property=\"og:image:width\" content=\"1920\" \/>\n\t<meta property=\"og:image:height\" content=\"1080\" \/>\n\t<meta property=\"og:image:type\" content=\"image\/jpeg\" \/>\n<meta name=\"twitter:card\" content=\"summary_large_image\" \/>\n<meta name=\"twitter:label1\" content=\"Estimated reading time\" \/>\n\t<meta name=\"twitter:data1\" content=\"1 minute\" \/>\n<script type=\"application\/ld+json\" class=\"yoast-schema-graph\">{\"@context\":\"https:\\\/\\\/schema.org\",\"@graph\":[{\"@type\":\"WebPage\",\"@id\":\"https:\\\/\\\/champagnecharlesjolly.com\\\/notre-histoire\\\/\",\"url\":\"https:\\\/\\\/champagnecharlesjolly.com\\\/notre-histoire\\\/\",\"name\":\"Notre histoire - Champagne Charles Jolly\",\"isPartOf\":{\"@id\":\"https:\\\/\\\/champagnecharlesjolly.com\\\/#website\"},\"primaryImageOfPage\":{\"@id\":\"https:\\\/\\\/champagnecharlesjolly.com\\\/notre-histoire\\\/#primaryimage\"},\"image\":{\"@id\":\"https:\\\/\\\/champagnecharlesjolly.com\\\/notre-histoire\\\/#primaryimage\"},\"thumbnailUrl\":\"https:\\\/\\\/champagnecharlesjolly.com\\\/wp-content\\\/uploads\\\/2018\\\/02\\\/homepage-slider-dummy-1.jpg\",\"datePublished\":\"2017-04-26T13:44:24+00:00\",\"dateModified\":\"2020-09-24T12:40:12+00:00\",\"breadcrumb\":{\"@id\":\"https:\\\/\\\/champagnecharlesjolly.com\\\/notre-histoire\\\/#breadcrumb\"},\"inLanguage\":\"en-GB\",\"potentialAction\":[{\"@type\":\"ReadAction\",\"target\":[\"https:\\\/\\\/champagnecharlesjolly.com\\\/notre-histoire\\\/\"]}]},{\"@type\":\"ImageObject\",\"inLanguage\":\"en-GB\",\"@id\":\"https:\\\/\\\/champagnecharlesjolly.com\\\/notre-histoire\\\/#primaryimage\",\"url\":\"https:\\\/\\\/champagnecharlesjolly.com\\\/wp-content\\\/uploads\\\/2018\\\/02\\\/homepage-slider-dummy-1.jpg\",\"contentUrl\":\"https:\\\/\\\/champagnecharlesjolly.com\\\/wp-content\\\/uploads\\\/2018\\\/02\\\/homepage-slider-dummy-1.jpg\",\"width\":1920,\"height\":1080},{\"@type\":\"BreadcrumbList\",\"@id\":\"https:\\\/\\\/champagnecharlesjolly.com\\\/notre-histoire\\\/#breadcrumb\",\"itemListElement\":[{\"@type\":\"ListItem\",\"position\":1,\"name\":\"Accueil\",\"item\":\"https:\\\/\\\/champagnecharlesjolly.com\\\/\"},{\"@type\":\"ListItem\",\"position\":2,\"name\":\"Notre histoire\"}]},{\"@type\":\"WebSite\",\"@id\":\"https:\\\/\\\/champagnecharlesjolly.com\\\/#website\",\"url\":\"https:\\\/\\\/champagnecharlesjolly.com\\\/\",\"name\":\"Champagne Charles Jolly\",\"description\":\"Un savoir faire familial\",\"potentialAction\":[{\"@type\":\"SearchAction\",\"target\":{\"@type\":\"EntryPoint\",\"urlTemplate\":\"https:\\\/\\\/champagnecharlesjolly.com\\\/?s={search_term_string}\"},\"query-input\":{\"@type\":\"PropertyValueSpecification\",\"valueRequired\":true,\"valueName\":\"search_term_string\"}}],\"inLanguage\":\"en-GB\"}]}<\/script>\n<!-- \/ Yoast SEO plugin. -->","yoast_head_json":{"title":"Notre histoire - Champagne Charles Jolly","robots":{"index":"index","follow":"follow","max-snippet":"max-snippet:-1","max-image-preview":"max-image-preview:large","max-video-preview":"max-video-preview:-1"},"canonical":"https:\/\/champagnecharlesjolly.com\/en\/notre-histoire\/","og_locale":"en_GB","og_type":"article","og_title":"Notre histoire - Champagne Charles Jolly","og_url":"https:\/\/champagnecharlesjolly.com\/en\/notre-histoire\/","og_site_name":"Champagne Charles Jolly","article_modified_time":"2020-09-24T12:40:12+00:00","og_image":[{"width":1920,"height":1080,"url":"https:\/\/champagnecharlesjolly.com\/wp-content\/uploads\/2018\/02\/homepage-slider-dummy-1.jpg","type":"image\/jpeg"}],"twitter_card":"summary_large_image","twitter_misc":{"Estimated reading time":"1 minute"},"schema":{"@context":"https:\/\/schema.org","@graph":[{"@type":"WebPage","@id":"https:\/\/champagnecharlesjolly.com\/notre-histoire\/","url":"https:\/\/champagnecharlesjolly.com\/notre-histoire\/","name":"Notre histoire - Champagne Charles Jolly","isPartOf":{"@id":"https:\/\/champagnecharlesjolly.com\/#website"},"primaryImageOfPage":{"@id":"https:\/\/champagnecharlesjolly.com\/notre-histoire\/#primaryimage"},"image":{"@id":"https:\/\/champagnecharlesjolly.com\/notre-histoire\/#primaryimage"},"thumbnailUrl":"https:\/\/champagnecharlesjolly.com\/wp-content\/uploads\/2018\/02\/homepage-slider-dummy-1.jpg","datePublished":"2017-04-26T13:44:24+00:00","dateModified":"2020-09-24T12:40:12+00:00","breadcrumb":{"@id":"https:\/\/champagnecharlesjolly.com\/notre-histoire\/#breadcrumb"},"inLanguage":"en-GB","potentialAction":[{"@type":"ReadAction","target":["https:\/\/champagnecharlesjolly.com\/notre-histoire\/"]}]},{"@type":"ImageObject","inLanguage":"en-GB","@id":"https:\/\/champagnecharlesjolly.com\/notre-histoire\/#primaryimage","url":"https:\/\/champagnecharlesjolly.com\/wp-content\/uploads\/2018\/02\/homepage-slider-dummy-1.jpg","contentUrl":"https:\/\/champagnecharlesjolly.com\/wp-content\/uploads\/2018\/02\/homepage-slider-dummy-1.jpg","width":1920,"height":1080},{"@type":"BreadcrumbList","@id":"https:\/\/champagnecharlesjolly.com\/notre-histoire\/#breadcrumb","itemListElement":[{"@type":"ListItem","position":1,"name":"Accueil","item":"https:\/\/champagnecharlesjolly.com\/"},{"@type":"ListItem","position":2,"name":"Notre histoire"}]},{"@type":"WebSite","@id":"https:\/\/champagnecharlesjolly.com\/#website","url":"https:\/\/champagnecharlesjolly.com\/","name":"Champagne Charles Jolly","description":"Un savoir faire familial","potentialAction":[{"@type":"SearchAction","target":{"@type":"EntryPoint","urlTemplate":"https:\/\/champagnecharlesjolly.com\/?s={search_term_string}"},"query-input":{"@type":"PropertyValueSpecification","valueRequired":true,"valueName":"search_term_string"}}],"inLanguage":"en-GB"}]}},"_links":{"self":[{"href":"https:\/\/champagnecharlesjolly.com\/en\/wp-json\/wp\/v2\/pages\/593","targetHints":{"allow":["GET"]}}],"collection":[{"href":"https:\/\/champagnecharlesjolly.com\/en\/wp-json\/wp\/v2\/pages"}],"about":[{"href":"https:\/\/champagnecharlesjolly.com\/en\/wp-json\/wp\/v2\/types\/page"}],"author":[{"embeddable":true,"href":"https:\/\/champagnecharlesjolly.com\/en\/wp-json\/wp\/v2\/users\/1"}],"replies":[{"embeddable":true,"href":"https:\/\/champagnecharlesjolly.com\/en\/wp-json\/wp\/v2\/comments?post=593"}],"version-history":[{"count":19,"href":"https:\/\/champagnecharlesjolly.com\/en\/wp-json\/wp\/v2\/pages\/593\/revisions"}],"predecessor-version":[{"id":1851,"href":"https:\/\/champagnecharlesjolly.com\/en\/wp-json\/wp\/v2\/pages\/593\/revisions\/1851"}],"wp:featuredmedia":[{"embeddable":true,"href":"https:\/\/champagnecharlesjolly.com\/en\/wp-json\/wp\/v2\/media\/1466"}],"wp:attachment":[{"href":"https:\/\/champagnecharlesjolly.com\/en\/wp-json\/wp\/v2\/media?parent=593"}],"curies":[{"name":"wp","href":"https:\/\/api.w.org\/{rel}","templated":true}]}}