{"id":688,"date":"2017-05-17T13:45:49","date_gmt":"2017-05-17T13:45:49","guid":{"rendered":"http:\/\/okthemes.com\/luxwinedemo-light\/?page_id=688"},"modified":"2024-01-15T13:42:53","modified_gmt":"2024-01-15T12:42:53","slug":"champagne","status":"publish","type":"page","link":"https:\/\/champagnecharlesjolly.com\/en\/","title":{"rendered":"Home"},"content":{"rendered":"<div class=\"wpb-content-wrapper\"><div data-vc-full-width=\"true\" data-vc-full-width-init=\"false\" class=\"vc_row wpb_row vc_row-fluid vc_custom_1594300151522 vc_row-has-fill\"><div class=\"wpb_column vc_column_container vc_col-sm-12\"><div class=\"vc_column-inner\"><div class=\"wpb_wrapper\">\n\t<div class=\"title-subtitle-box  wpb_animate_when_almost_visible wpb_fadeInDown fadeInDown\" style=\" text-align: center;\">\n\t\t<h1 style=\" text-transform: uppercase; font-weight: 400; letter-spacing: 0px;\" >Our Champagnes<\/h1>\n\t<\/div> <div class=\"vc_row wpb_row vc_inner vc_row-fluid vc_row-o-equal-height vc_row-o-content-middle vc_row-flex\"><div class=\"wpb_column vc_column_container vc_col-sm-3\"><div class=\"vc_column-inner\"><div class=\"wpb_wrapper\">\n\t<div class=\"featured-image-box  text-align-center normal_hover_style\">\n\t\t<figure class=\"default\">\n\t\t\t <img decoding=\"async\" class=\"wp-post-image default\" src=\"https:\/\/champagnecharlesjolly.com\/wp-content\/uploads\/2021\/12\/Champagne-perserverence-brut-charles-jolly.png\" alt=\"\" \/> \n\t\t<figcaption>\n\t\t\t<h4>Pers\u00e9v\u00e9rance<\/h4>\n\t\t\t<p>BRUT<\/p>\n\t\t<\/figcaption>\n\t\t<\/figure>\n\t<\/div> <div class=\"vc_btn3-container  wpb_animate_when_almost_visible wpb_slideInDown slideInDown vc_btn3-center\" ><a class=\"vc_general vc_btn3 vc_btn3-size-md vc_btn3-shape-rounded vc_btn3-style-modern vc_btn3-color-grey\" href=\"https:\/\/champagnecharlesjolly.com\/en\/perseverance-brut\/\" title=\"Pers\u00e9v\u00e9rance Brut\">Discover<\/a><\/div><div class=\"vc_btn3-container  wpb_animate_when_almost_visible wpb_slideInUp slideInUp vc_btn3-center\" ><a class=\"vc_general vc_btn3 vc_btn3-size-md vc_btn3-shape-rounded vc_btn3-style-modern vc_btn3-color-grey\" href=\"https:\/\/champagnecharlesjolly.com\/en\/product\/perseverance-brut\/\" title=\"Order\">Order<\/a><\/div><\/div><\/div><\/div><div class=\"wpb_column vc_column_container vc_col-sm-3\"><div class=\"vc_column-inner\"><div class=\"wpb_wrapper\">\n\t<div class=\"featured-image-box  text-align-center normal_hover_style\">\n\t\t<figure class=\"default\">\n\t\t\t <img decoding=\"async\" class=\"wp-post-image default\" src=\"https:\/\/champagnecharlesjolly.com\/wp-content\/uploads\/2021\/12\/Champagne-perserverence-brut-rose-charles-jolly.png\" alt=\"\" \/> \n\t\t<figcaption>\n\t\t\t<h4>Pers\u00e9v\u00e9rance<\/h4>\n\t\t\t<p>BRUT ROS\u00c9<\/p>\n\t\t<\/figcaption>\n\t\t<\/figure>\n\t<\/div> <div class=\"vc_btn3-container  wpb_animate_when_almost_visible wpb_slideInLeft slideInLeft vc_btn3-center\" ><a class=\"vc_general vc_btn3 vc_btn3-size-md vc_btn3-shape-rounded vc_btn3-style-modern vc_btn3-color-grey\" href=\"https:\/\/champagnecharlesjolly.com\/en\/perseverance-brut-rose\/\" title=\"Pers\u00e9v\u00e9rance Brut Ros\u00e9\">Discover<\/a><\/div><div class=\"vc_btn3-container  wpb_animate_when_almost_visible wpb_slideInRight slideInRight vc_btn3-center\" ><a class=\"vc_general vc_btn3 vc_btn3-size-md vc_btn3-shape-rounded vc_btn3-style-modern vc_btn3-color-grey\" href=\"https:\/\/champagnecharlesjolly.com\/en\/product\/perseverance-brut-rose\/\" title=\"Order\">Order<\/a><\/div><\/div><\/div><\/div><div class=\"wpb_column vc_column_container vc_col-sm-3\"><div class=\"vc_column-inner\"><div class=\"wpb_wrapper\">\n\t<div class=\"featured-image-box  text-align-center normal_hover_style\">\n\t\t<figure class=\"default\">\n\t\t\t <img decoding=\"async\" class=\"wp-post-image default\" src=\"https:\/\/champagnecharlesjolly.com\/wp-content\/uploads\/2021\/12\/Champagne-transparence-blanc-de-blancs-charles-jolly.png\" alt=\"\" \/> \n\t\t<figcaption>\n\t\t\t<h4>Transparence<\/h4>\n\t\t\t<p>BLANC DE BLANCS<\/p>\n\t\t<\/figcaption>\n\t\t<\/figure>\n\t<\/div> <div class=\"vc_btn3-container  wpb_animate_when_almost_visible wpb_slideInDown slideInDown vc_btn3-center\" ><a class=\"vc_general vc_btn3 vc_btn3-size-md vc_btn3-shape-rounded vc_btn3-style-modern vc_btn3-color-grey\" href=\"https:\/\/champagnecharlesjolly.com\/en\/transparence\/\" title=\"Transparence\">Discover<\/a><\/div><div class=\"vc_btn3-container  wpb_animate_when_almost_visible wpb_slideInUp slideInUp vc_btn3-center\" ><a class=\"vc_general vc_btn3 vc_btn3-size-md vc_btn3-shape-rounded vc_btn3-style-modern vc_btn3-color-grey\" href=\"https:\/\/champagnecharlesjolly.com\/en\/product\/transparence-blanc-de-blancs\/\" title=\"Order\">Order<\/a><\/div><\/div><\/div><\/div><div class=\"wpb_column vc_column_container vc_col-sm-3\"><div class=\"vc_column-inner\"><div class=\"wpb_wrapper\">\n\t<div class=\"featured-image-box  text-align-center normal_hover_style\">\n\t\t<figure class=\"default\">\n\t\t\t <img decoding=\"async\" class=\"wp-post-image default\" src=\"https:\/\/champagnecharlesjolly.com\/wp-content\/uploads\/2021\/12\/Champagne-resilience-blanc-de-noirs-charles-jolly.png\" alt=\"\" \/> \n\t\t<figcaption>\n\t\t\t<h4>R\u00e9silience<\/h4>\n\t\t\t<p>BLANC DE NOIRS<\/p>\n\t\t<\/figcaption>\n\t\t<\/figure>\n\t<\/div> <div class=\"vc_btn3-container  wpb_animate_when_almost_visible wpb_slideInDown slideInDown vc_btn3-center\" ><a class=\"vc_general vc_btn3 vc_btn3-size-md vc_btn3-shape-rounded vc_btn3-style-modern vc_btn3-color-grey\" href=\"https:\/\/champagnecharlesjolly.com\/en\/resilience-brut-blanc-de-noirs\/\" title=\"Transparence\">Discover<\/a><\/div><div class=\"vc_btn3-container  wpb_animate_when_almost_visible wpb_slideInUp slideInUp vc_btn3-center\" ><a class=\"vc_general vc_btn3 vc_btn3-size-md vc_btn3-shape-rounded vc_btn3-style-modern vc_btn3-color-grey\" href=\"https:\/\/champagnecharlesjolly.com\/en\/product\/resilience-blanc-de-noirs\/\" title=\"Order\">Order<\/a><\/div><\/div><\/div><\/div><\/div><\/div><\/div><\/div><\/div><div class=\"vc_row-full-width vc_clearfix\"><\/div><section data-vc-full-width=\"true\" data-vc-full-width-init=\"false\" class=\"vc_section vc_custom_1638983379635 vc_section-has-fill vc_section-o-content-middle vc_section-flex\"><div class=\"vc_row wpb_row vc_row-fluid\"><div class=\"wpb_column vc_column_container vc_col-sm-12\"><div class=\"vc_column-inner\"><div class=\"wpb_wrapper\">\n\t<div class=\"featured-image-box  wpb_animate_when_almost_visible wpb_appear appear text-align-center normal_hover_style\">\n\t\t<figure class=\"default\">\n\t\t\t<a href=\"https:\/\/champagnecharlesjolly.com\/en\/product\/carton-degustation\/\" title=\"Carton d\u00e9gustation\" target=\"_self\"> <img decoding=\"async\" class=\"wp-post-image default\" src=\"https:\/\/champagnecharlesjolly.com\/wp-content\/uploads\/2021\/12\/carton-de-degustation.png\" alt=\"\" \/> <\/a>\n\t\t<figcaption>\n\t\t\t<h4><a href=\"https:\/\/champagnecharlesjolly.com\/en\/product\/carton-degustation\/\" title=\"Carton d\u00e9gustation\" target=\"_self\">Carton D\u00e9gustation<\/a><\/h4>\n\t\t\t<p><\/p>\n\t\t<\/figcaption>\n\t\t<\/figure>\n\t<\/div> \n\t<div class=\"wpb_text_column wpb_content_element\" >\n\t\t<div class=\"wpb_wrapper\">\n\t\t\t<h4 style=\"text-align: center;\">Une offre originale pour d\u00e9couvrir nos Cuv\u00e9es :<\/h4>\n<p style=\"text-align: center;\">&#8211; 3 bruts <em>&#8211; Pers\u00e9v\u00e9rance<br \/>\n<\/em>&#8211; 1 brut Ros\u00e9<em> &#8211; Pers\u00e9v\u00e9rance<br \/>\n<\/em>&#8211; 1 Blanc de Blancs <em>&#8211; Transparence<br \/>\n<\/em>&#8211; 1 Blanc de Noirs <em>&#8211; R\u00e9silience<\/em><\/p>\n\n\t\t<\/div>\n\t<\/div>\n<div class=\"vc_btn3-container  wpb_animate_when_almost_visible wpb_slideInUp slideInUp vc_btn3-center\" ><a class=\"vc_general vc_btn3 vc_btn3-size-md vc_btn3-shape-rounded vc_btn3-style-modern vc_btn3-color-grey\" href=\"https:\/\/champagnecharlesjolly.com\/en\/product\/carton-degustation\/\" title=\"Order\">Order<\/a><\/div><\/div><\/div><\/div><\/div><\/section><div class=\"vc_row-full-width vc_clearfix\"><\/div><div data-vc-full-width=\"true\" data-vc-full-width-init=\"false\" data-vc-stretch-content=\"true\" class=\"vc_row wpb_row vc_row-fluid gg-force-background-left vc_custom_1594300972721 vc_row-has-fill\"><div class=\"wpb_column vc_column_container vc_col-sm-12 vc_col-lg-6\"><div class=\"vc_column-inner\"><div class=\"wpb_wrapper\"><\/div><\/div><\/div><div class=\"wpb_column vc_column_container vc_col-sm-12 vc_col-lg-6\"><div class=\"vc_column-inner\"><div class=\"wpb_wrapper\">\n\t<blockquote  class=\"gg-vc-quote\">\n\tIn a perfect world, everyone would have a glass of Champagne every evening\n\t<cite>Willie Gluckstern<\/cite>\n\t<\/blockquote><\/div><\/div><\/div><\/div><div class=\"vc_row-full-width vc_clearfix\"><\/div>\n<\/div>","protected":false},"excerpt":{"rendered":"Nos champagnes Pers\u00e9v\u00e9rance BRUT D\u00e9couvrirCommander Pers\u00e9v\u00e9rance BRUT ROS\u00c9 D\u00e9couvrirCommander Transparence BLANC DE BLANCS D\u00e9couvrirCommander R\u00e9silience BLANC DE NOIRS D\u00e9couvrirCommander Carton D\u00e9gustation Une offre originale pour d\u00e9couvrir nos Cuv\u00e9es : - 3 bruts - Pers\u00e9v\u00e9rance - 1 brut Ros\u00e9 - Pers\u00e9v\u00e9rance - 1 Blanc de Blancs - Transparence - 1 Blanc de Noirs - R\u00e9silience Commander<br class=\"read-more-spacer\"> <a class=\"more-link\" href=\"https:\/\/champagnecharlesjolly.com\/en\/\">Read More<\/a>","protected":false},"author":1,"featured_media":1580,"parent":0,"menu_order":0,"comment_status":"closed","ping_status":"closed","template":"","meta":{"footnotes":""},"class_list":["post-688","page","type-page","status-publish","has-post-thumbnail","hentry"],"yoast_head":"<!-- This site is optimized with the Yoast SEO plugin v27.4 - https:\/\/yoast.com\/product\/yoast-seo-wordpress\/ -->\n<title>Accueil - Champagne Charles Jolly<\/title>\n<meta name=\"description\" content=\"Nos Champagnes sont appr\u00e9ci\u00e9s tout au long du repas, en particulier \u00e0 l\u2019ap\u00e9ritif o\u00f9 leurs ar\u00f4mes d\u00e9licats seront davantage mis en valeur.\" \/>\n<meta name=\"robots\" content=\"index, follow, max-snippet:-1, max-image-preview:large, max-video-preview:-1\" \/>\n<link rel=\"canonical\" href=\"https:\/\/champagnecharlesjolly.com\/en\/\" \/>\n<meta property=\"og:locale\" content=\"en_GB\" \/>\n<meta property=\"og:type\" content=\"article\" \/>\n<meta property=\"og:title\" content=\"Accueil - Champagne Charles Jolly\" \/>\n<meta property=\"og:description\" content=\"Nos Champagnes sont appr\u00e9ci\u00e9s tout au long du repas, en particulier \u00e0 l\u2019ap\u00e9ritif o\u00f9 leurs ar\u00f4mes d\u00e9licats seront davantage mis en valeur.\" \/>\n<meta property=\"og:url\" content=\"https:\/\/champagnecharlesjolly.com\/en\/\" \/>\n<meta property=\"og:site_name\" content=\"Champagne Charles Jolly\" \/>\n<meta property=\"article:modified_time\" content=\"2024-01-15T12:42:53+00:00\" \/>\n<meta property=\"og:image\" content=\"https:\/\/champagnecharlesjolly.com\/wp-content\/uploads\/2020\/04\/Logo-Champagne-2.png\" \/>\n\t<meta property=\"og:image:width\" content=\"809\" \/>\n\t<meta property=\"og:image:height\" content=\"431\" \/>\n\t<meta property=\"og:image:type\" content=\"image\/png\" \/>\n<meta name=\"twitter:card\" content=\"summary_large_image\" \/>\n<meta name=\"twitter:image\" content=\"https:\/\/champagnecharlesjolly.com\/wp-content\/uploads\/2020\/04\/Logo-Champagne-2.png\" \/>\n<meta name=\"twitter:label1\" content=\"Estimated reading time\" \/>\n\t<meta name=\"twitter:data1\" content=\"2 minutes\" \/>\n<script type=\"application\/ld+json\" class=\"yoast-schema-graph\">{\"@context\":\"https:\\\/\\\/schema.org\",\"@graph\":[{\"@type\":\"WebPage\",\"@id\":\"https:\\\/\\\/champagnecharlesjolly.com\\\/\",\"url\":\"https:\\\/\\\/champagnecharlesjolly.com\\\/\",\"name\":\"Accueil - Champagne Charles Jolly\",\"isPartOf\":{\"@id\":\"https:\\\/\\\/champagnecharlesjolly.com\\\/#website\"},\"primaryImageOfPage\":{\"@id\":\"https:\\\/\\\/champagnecharlesjolly.com\\\/#primaryimage\"},\"image\":{\"@id\":\"https:\\\/\\\/champagnecharlesjolly.com\\\/#primaryimage\"},\"thumbnailUrl\":\"https:\\\/\\\/champagnecharlesjolly.com\\\/wp-content\\\/uploads\\\/2020\\\/04\\\/Logo-Champagne-2.png\",\"datePublished\":\"2017-05-17T13:45:49+00:00\",\"dateModified\":\"2024-01-15T12:42:53+00:00\",\"description\":\"Nos Champagnes sont appr\u00e9ci\u00e9s tout au long du repas, en particulier \u00e0 l\u2019ap\u00e9ritif o\u00f9 leurs ar\u00f4mes d\u00e9licats seront davantage mis en valeur.\",\"breadcrumb\":{\"@id\":\"https:\\\/\\\/champagnecharlesjolly.com\\\/#breadcrumb\"},\"inLanguage\":\"en-GB\",\"potentialAction\":[{\"@type\":\"ReadAction\",\"target\":[\"https:\\\/\\\/champagnecharlesjolly.com\\\/\"]}]},{\"@type\":\"ImageObject\",\"inLanguage\":\"en-GB\",\"@id\":\"https:\\\/\\\/champagnecharlesjolly.com\\\/#primaryimage\",\"url\":\"https:\\\/\\\/champagnecharlesjolly.com\\\/wp-content\\\/uploads\\\/2020\\\/04\\\/Logo-Champagne-2.png\",\"contentUrl\":\"https:\\\/\\\/champagnecharlesjolly.com\\\/wp-content\\\/uploads\\\/2020\\\/04\\\/Logo-Champagne-2.png\",\"width\":809,\"height\":431},{\"@type\":\"BreadcrumbList\",\"@id\":\"https:\\\/\\\/champagnecharlesjolly.com\\\/#breadcrumb\",\"itemListElement\":[{\"@type\":\"ListItem\",\"position\":1,\"name\":\"Accueil\",\"item\":\"https:\\\/\\\/champagnecharlesjolly.com\\\/\"},{\"@type\":\"ListItem\",\"position\":2,\"name\":\"Accueil\"}]},{\"@type\":\"WebSite\",\"@id\":\"https:\\\/\\\/champagnecharlesjolly.com\\\/#website\",\"url\":\"https:\\\/\\\/champagnecharlesjolly.com\\\/\",\"name\":\"Champagne Charles Jolly\",\"description\":\"Un savoir faire familial\",\"potentialAction\":[{\"@type\":\"SearchAction\",\"target\":{\"@type\":\"EntryPoint\",\"urlTemplate\":\"https:\\\/\\\/champagnecharlesjolly.com\\\/?s={search_term_string}\"},\"query-input\":{\"@type\":\"PropertyValueSpecification\",\"valueRequired\":true,\"valueName\":\"search_term_string\"}}],\"inLanguage\":\"en-GB\"}]}<\/script>\n<!-- \/ Yoast SEO plugin. -->","yoast_head_json":{"title":"Accueil - Champagne Charles Jolly","description":"Nos Champagnes sont appr\u00e9ci\u00e9s tout au long du repas, en particulier \u00e0 l\u2019ap\u00e9ritif o\u00f9 leurs ar\u00f4mes d\u00e9licats seront davantage mis en valeur.","robots":{"index":"index","follow":"follow","max-snippet":"max-snippet:-1","max-image-preview":"max-image-preview:large","max-video-preview":"max-video-preview:-1"},"canonical":"https:\/\/champagnecharlesjolly.com\/en\/","og_locale":"en_GB","og_type":"article","og_title":"Accueil - Champagne Charles Jolly","og_description":"Nos Champagnes sont appr\u00e9ci\u00e9s tout au long du repas, en particulier \u00e0 l\u2019ap\u00e9ritif o\u00f9 leurs ar\u00f4mes d\u00e9licats seront davantage mis en valeur.","og_url":"https:\/\/champagnecharlesjolly.com\/en\/","og_site_name":"Champagne Charles Jolly","article_modified_time":"2024-01-15T12:42:53+00:00","og_image":[{"width":809,"height":431,"url":"https:\/\/champagnecharlesjolly.com\/wp-content\/uploads\/2020\/04\/Logo-Champagne-2.png","type":"image\/png"}],"twitter_card":"summary_large_image","twitter_image":"https:\/\/champagnecharlesjolly.com\/wp-content\/uploads\/2020\/04\/Logo-Champagne-2.png","twitter_misc":{"Estimated reading time":"2 minutes"},"schema":{"@context":"https:\/\/schema.org","@graph":[{"@type":"WebPage","@id":"https:\/\/champagnecharlesjolly.com\/","url":"https:\/\/champagnecharlesjolly.com\/","name":"Accueil - Champagne Charles Jolly","isPartOf":{"@id":"https:\/\/champagnecharlesjolly.com\/#website"},"primaryImageOfPage":{"@id":"https:\/\/champagnecharlesjolly.com\/#primaryimage"},"image":{"@id":"https:\/\/champagnecharlesjolly.com\/#primaryimage"},"thumbnailUrl":"https:\/\/champagnecharlesjolly.com\/wp-content\/uploads\/2020\/04\/Logo-Champagne-2.png","datePublished":"2017-05-17T13:45:49+00:00","dateModified":"2024-01-15T12:42:53+00:00","description":"Nos Champagnes sont appr\u00e9ci\u00e9s tout au long du repas, en particulier \u00e0 l\u2019ap\u00e9ritif o\u00f9 leurs ar\u00f4mes d\u00e9licats seront davantage mis en valeur.","breadcrumb":{"@id":"https:\/\/champagnecharlesjolly.com\/#breadcrumb"},"inLanguage":"en-GB","potentialAction":[{"@type":"ReadAction","target":["https:\/\/champagnecharlesjolly.com\/"]}]},{"@type":"ImageObject","inLanguage":"en-GB","@id":"https:\/\/champagnecharlesjolly.com\/#primaryimage","url":"https:\/\/champagnecharlesjolly.com\/wp-content\/uploads\/2020\/04\/Logo-Champagne-2.png","contentUrl":"https:\/\/champagnecharlesjolly.com\/wp-content\/uploads\/2020\/04\/Logo-Champagne-2.png","width":809,"height":431},{"@type":"BreadcrumbList","@id":"https:\/\/champagnecharlesjolly.com\/#breadcrumb","itemListElement":[{"@type":"ListItem","position":1,"name":"Accueil","item":"https:\/\/champagnecharlesjolly.com\/"},{"@type":"ListItem","position":2,"name":"Accueil"}]},{"@type":"WebSite","@id":"https:\/\/champagnecharlesjolly.com\/#website","url":"https:\/\/champagnecharlesjolly.com\/","name":"Champagne Charles Jolly","description":"Un savoir faire familial","potentialAction":[{"@type":"SearchAction","target":{"@type":"EntryPoint","urlTemplate":"https:\/\/champagnecharlesjolly.com\/?s={search_term_string}"},"query-input":{"@type":"PropertyValueSpecification","valueRequired":true,"valueName":"search_term_string"}}],"inLanguage":"en-GB"}]}},"_links":{"self":[{"href":"https:\/\/champagnecharlesjolly.com\/en\/wp-json\/wp\/v2\/pages\/688","targetHints":{"allow":["GET"]}}],"collection":[{"href":"https:\/\/champagnecharlesjolly.com\/en\/wp-json\/wp\/v2\/pages"}],"about":[{"href":"https:\/\/champagnecharlesjolly.com\/en\/wp-json\/wp\/v2\/types\/page"}],"author":[{"embeddable":true,"href":"https:\/\/champagnecharlesjolly.com\/en\/wp-json\/wp\/v2\/users\/1"}],"replies":[{"embeddable":true,"href":"https:\/\/champagnecharlesjolly.com\/en\/wp-json\/wp\/v2\/comments?post=688"}],"version-history":[{"count":90,"href":"https:\/\/champagnecharlesjolly.com\/en\/wp-json\/wp\/v2\/pages\/688\/revisions"}],"predecessor-version":[{"id":2119,"href":"https:\/\/champagnecharlesjolly.com\/en\/wp-json\/wp\/v2\/pages\/688\/revisions\/2119"}],"wp:featuredmedia":[{"embeddable":true,"href":"https:\/\/champagnecharlesjolly.com\/en\/wp-json\/wp\/v2\/media\/1580"}],"wp:attachment":[{"href":"https:\/\/champagnecharlesjolly.com\/en\/wp-json\/wp\/v2\/media?parent=688"}],"curies":[{"name":"wp","href":"https:\/\/api.w.org\/{rel}","templated":true}]}}