{"id":1976,"date":"2021-12-05T16:00:06","date_gmt":"2021-12-05T15:00:06","guid":{"rendered":"https:\/\/champagnecharlesjolly.com\/?post_type=product&#038;p=1976"},"modified":"2026-02-13T16:05:21","modified_gmt":"2026-02-13T15:05:21","slug":"carton-degustation","status":"publish","type":"product","link":"https:\/\/champagnecharlesjolly.com\/en\/product\/carton-degustation\/","title":{"rendered":"CARTON D\u00c9GUSTATION"},"content":{"rendered":"<div class=\"wpb-content-wrapper\"><div class=\"vc_row wpb_row vc_row-fluid\"><div class=\"wpb_column vc_column_container vc_col-sm-12\"><div class=\"vc_column-inner\"><div class=\"wpb_wrapper\">\n\t<div class=\"wpb_text_column wpb_content_element\" >\n\t\t<div class=\"wpb_wrapper\">\n\t\t\t<p style=\"text-align: center\"><strong>Le site n&rsquo;est ouvert qu&rsquo;aux livraisons en France m\u00e9tropolitaine, jusqu&rsquo;\u00e0 24 bouteilles.<\/strong><\/p>\n<p style=\"text-align: center\">Pour toutes les livraisons \u00e0 l&rsquo;ext\u00e9rieur de la France ou sup\u00e9rieures \u00e0 24 bouteilles, n&rsquo;h\u00e9sitez pas \u00e0 nous demander un devis.<\/p>\n\n\t\t<\/div>\n\t<\/div>\n<div class=\"vc_btn3-container vc_btn3-center\" ><a class=\"vc_general vc_btn3 vc_btn3-size-md vc_btn3-shape-rounded vc_btn3-style-modern vc_btn3-color-orange\" href=\"https:\/\/champagnecharlesjolly.com\/en\/contact\/\" title=\"\">Demander un devis<\/a><\/div>\n\t<div class=\"wpb_text_column wpb_content_element\" >\n\t\t<div class=\"wpb_wrapper\">\n\t\t\t<p style=\"text-align: center\">Attention, l&rsquo;abus d&rsquo;alcool est dangereux pour la sant\u00e9, \u00e0 consommer avec mod\u00e9ration.<\/p>\n<p style=\"text-align: center\"><em>La vente d&rsquo;alcool est interdite pour les mineurs.<\/em><\/p>\n\n\t\t<\/div>\n\t<\/div>\n<\/div><\/div><\/div><\/div>\n<\/div>","protected":false},"excerpt":{"rendered":"<h5 style=\"text-align: justify\">CARTON DE 6 BOUTEILLES<\/h5>\n<h4 style=\"text-align: justify\">Une offre originale pour d\u00e9couvrir nos Cuv\u00e9es :<\/h4>\n<p style=\"text-align: justify\"><a href=\"https:\/\/champagnecharlesjolly.com\/en\/perseverance-brut\/\" target=\"_blank\" rel=\"noopener\">3 bruts <em>\u2013 Pers\u00e9v\u00e9rance<\/em><\/a><\/p>\n<p style=\"text-align: justify\"><a href=\"https:\/\/champagnecharlesjolly.com\/en\/perseverance-brut-rose\/\" target=\"_blank\" rel=\"noopener\">1 brut Ros\u00e9<em>\u00a0\u2013 Pers\u00e9v\u00e9rance<\/em><\/a><\/p>\n<p style=\"text-align: justify\"><a href=\"https:\/\/champagnecharlesjolly.com\/en\/transparence\/\" target=\"_blank\" rel=\"noopener\">1 Blanc de Blancs <em>\u2013 Transparence<\/em><\/a><\/p>\n<p style=\"text-align: justify\"><a href=\"https:\/\/champagnecharlesjolly.com\/en\/resilience-brut-blanc-de-noirs\/\" target=\"_blank\" rel=\"noopener\">1 Blanc de Noirs <em>\u2013 R\u00e9silience<\/em><\/a><\/p>","protected":false},"featured_media":2083,"template":"","meta":[],"product_brand":[],"product_cat":[25,23],"product_tag":[],"class_list":{"0":"post-1976","1":"product","2":"type-product","3":"status-publish","4":"has-post-thumbnail","6":"product_cat-carton-de-six-bouteilles","7":"product_cat-champagne","9":"first","10":"instock","11":"shipping-taxable","12":"product-type-simple"},"yoast_head":"<!-- This site is optimized with the Yoast SEO plugin v27.4 - https:\/\/yoast.com\/product\/yoast-seo-wordpress\/ -->\n<title>CARTON D\u00c9GUSTATION - Champagne Charles Jolly<\/title>\n<meta name=\"robots\" content=\"index, follow, max-snippet:-1, max-image-preview:large, max-video-preview:-1\" \/>\n<link rel=\"canonical\" href=\"https:\/\/champagnecharlesjolly.com\/en\/product\/carton-degustation\/\" \/>\n<meta property=\"og:locale\" content=\"en_GB\" \/>\n<meta property=\"og:type\" content=\"article\" \/>\n<meta property=\"og:title\" content=\"CARTON D\u00c9GUSTATION - Champagne Charles Jolly\" \/>\n<meta property=\"og:description\" content=\"CARTON DE 6 BOUTEILLES Une offre originale pour d\u00e9couvrir nos Cuv\u00e9es : 3 bruts \u2013 Pers\u00e9v\u00e9rance 1 brut Ros\u00e9\u00a0\u2013 Pers\u00e9v\u00e9rance 1 Blanc de Blancs \u2013 Transparence 1 Blanc de Noirs \u2013 R\u00e9silience\" \/>\n<meta property=\"og:url\" content=\"https:\/\/champagnecharlesjolly.com\/en\/product\/carton-degustation\/\" \/>\n<meta property=\"og:site_name\" content=\"Champagne Charles Jolly\" \/>\n<meta property=\"article:modified_time\" content=\"2026-02-13T15:05:21+00:00\" \/>\n<meta property=\"og:image\" content=\"https:\/\/champagnecharlesjolly.com\/wp-content\/uploads\/2021\/12\/carton-de-degustation-1484.png\" \/>\n\t<meta property=\"og:image:width\" content=\"1484\" \/>\n\t<meta property=\"og:image:height\" content=\"1080\" \/>\n\t<meta property=\"og:image:type\" content=\"image\/png\" \/>\n<meta name=\"twitter:card\" content=\"summary_large_image\" \/>\n<meta name=\"twitter:label1\" content=\"Estimated reading time\" \/>\n\t<meta name=\"twitter:data1\" content=\"1 minute\" \/>\n<script type=\"application\/ld+json\" class=\"yoast-schema-graph\">{\"@context\":\"https:\\\/\\\/schema.org\",\"@graph\":[{\"@type\":\"WebPage\",\"@id\":\"https:\\\/\\\/champagnecharlesjolly.com\\\/produit\\\/carton-degustation\\\/\",\"url\":\"https:\\\/\\\/champagnecharlesjolly.com\\\/produit\\\/carton-degustation\\\/\",\"name\":\"CARTON D\u00c9GUSTATION - Champagne Charles Jolly\",\"isPartOf\":{\"@id\":\"https:\\\/\\\/champagnecharlesjolly.com\\\/#website\"},\"primaryImageOfPage\":{\"@id\":\"https:\\\/\\\/champagnecharlesjolly.com\\\/produit\\\/carton-degustation\\\/#primaryimage\"},\"image\":{\"@id\":\"https:\\\/\\\/champagnecharlesjolly.com\\\/produit\\\/carton-degustation\\\/#primaryimage\"},\"thumbnailUrl\":\"https:\\\/\\\/champagnecharlesjolly.com\\\/wp-content\\\/uploads\\\/2021\\\/12\\\/carton-de-degustation-1484.png\",\"datePublished\":\"2021-12-05T15:00:06+00:00\",\"dateModified\":\"2026-02-13T15:05:21+00:00\",\"breadcrumb\":{\"@id\":\"https:\\\/\\\/champagnecharlesjolly.com\\\/produit\\\/carton-degustation\\\/#breadcrumb\"},\"inLanguage\":\"en-GB\",\"potentialAction\":[{\"@type\":\"ReadAction\",\"target\":[\"https:\\\/\\\/champagnecharlesjolly.com\\\/produit\\\/carton-degustation\\\/\"]}]},{\"@type\":\"ImageObject\",\"inLanguage\":\"en-GB\",\"@id\":\"https:\\\/\\\/champagnecharlesjolly.com\\\/produit\\\/carton-degustation\\\/#primaryimage\",\"url\":\"https:\\\/\\\/champagnecharlesjolly.com\\\/wp-content\\\/uploads\\\/2021\\\/12\\\/carton-de-degustation-1484.png\",\"contentUrl\":\"https:\\\/\\\/champagnecharlesjolly.com\\\/wp-content\\\/uploads\\\/2021\\\/12\\\/carton-de-degustation-1484.png\",\"width\":1484,\"height\":1080},{\"@type\":\"BreadcrumbList\",\"@id\":\"https:\\\/\\\/champagnecharlesjolly.com\\\/produit\\\/carton-degustation\\\/#breadcrumb\",\"itemListElement\":[{\"@type\":\"ListItem\",\"position\":1,\"name\":\"Accueil\",\"item\":\"https:\\\/\\\/champagnecharlesjolly.com\\\/\"},{\"@type\":\"ListItem\",\"position\":2,\"name\":\"Contact\",\"item\":\"https:\\\/\\\/champagnecharlesjolly.com\\\/contact\\\/\"},{\"@type\":\"ListItem\",\"position\":3,\"name\":\"CARTON D\u00c9GUSTATION\"}]},{\"@type\":\"WebSite\",\"@id\":\"https:\\\/\\\/champagnecharlesjolly.com\\\/#website\",\"url\":\"https:\\\/\\\/champagnecharlesjolly.com\\\/\",\"name\":\"Champagne Charles Jolly\",\"description\":\"Un savoir faire familial\",\"potentialAction\":[{\"@type\":\"SearchAction\",\"target\":{\"@type\":\"EntryPoint\",\"urlTemplate\":\"https:\\\/\\\/champagnecharlesjolly.com\\\/?s={search_term_string}\"},\"query-input\":{\"@type\":\"PropertyValueSpecification\",\"valueRequired\":true,\"valueName\":\"search_term_string\"}}],\"inLanguage\":\"en-GB\"}]}<\/script>\n<!-- \/ Yoast SEO plugin. -->","yoast_head_json":{"title":"CARTON D\u00c9GUSTATION - Champagne Charles Jolly","robots":{"index":"index","follow":"follow","max-snippet":"max-snippet:-1","max-image-preview":"max-image-preview:large","max-video-preview":"max-video-preview:-1"},"canonical":"https:\/\/champagnecharlesjolly.com\/en\/product\/carton-degustation\/","og_locale":"en_GB","og_type":"article","og_title":"CARTON D\u00c9GUSTATION - Champagne Charles Jolly","og_description":"CARTON DE 6 BOUTEILLES Une offre originale pour d\u00e9couvrir nos Cuv\u00e9es : 3 bruts \u2013 Pers\u00e9v\u00e9rance 1 brut Ros\u00e9\u00a0\u2013 Pers\u00e9v\u00e9rance 1 Blanc de Blancs \u2013 Transparence 1 Blanc de Noirs \u2013 R\u00e9silience","og_url":"https:\/\/champagnecharlesjolly.com\/en\/product\/carton-degustation\/","og_site_name":"Champagne Charles Jolly","article_modified_time":"2026-02-13T15:05:21+00:00","og_image":[{"width":1484,"height":1080,"url":"https:\/\/champagnecharlesjolly.com\/wp-content\/uploads\/2021\/12\/carton-de-degustation-1484.png","type":"image\/png"}],"twitter_card":"summary_large_image","twitter_misc":{"Estimated reading time":"1 minute"},"schema":{"@context":"https:\/\/schema.org","@graph":[{"@type":"WebPage","@id":"https:\/\/champagnecharlesjolly.com\/produit\/carton-degustation\/","url":"https:\/\/champagnecharlesjolly.com\/produit\/carton-degustation\/","name":"CARTON D\u00c9GUSTATION - Champagne Charles Jolly","isPartOf":{"@id":"https:\/\/champagnecharlesjolly.com\/#website"},"primaryImageOfPage":{"@id":"https:\/\/champagnecharlesjolly.com\/produit\/carton-degustation\/#primaryimage"},"image":{"@id":"https:\/\/champagnecharlesjolly.com\/produit\/carton-degustation\/#primaryimage"},"thumbnailUrl":"https:\/\/champagnecharlesjolly.com\/wp-content\/uploads\/2021\/12\/carton-de-degustation-1484.png","datePublished":"2021-12-05T15:00:06+00:00","dateModified":"2026-02-13T15:05:21+00:00","breadcrumb":{"@id":"https:\/\/champagnecharlesjolly.com\/produit\/carton-degustation\/#breadcrumb"},"inLanguage":"en-GB","potentialAction":[{"@type":"ReadAction","target":["https:\/\/champagnecharlesjolly.com\/produit\/carton-degustation\/"]}]},{"@type":"ImageObject","inLanguage":"en-GB","@id":"https:\/\/champagnecharlesjolly.com\/produit\/carton-degustation\/#primaryimage","url":"https:\/\/champagnecharlesjolly.com\/wp-content\/uploads\/2021\/12\/carton-de-degustation-1484.png","contentUrl":"https:\/\/champagnecharlesjolly.com\/wp-content\/uploads\/2021\/12\/carton-de-degustation-1484.png","width":1484,"height":1080},{"@type":"BreadcrumbList","@id":"https:\/\/champagnecharlesjolly.com\/produit\/carton-degustation\/#breadcrumb","itemListElement":[{"@type":"ListItem","position":1,"name":"Accueil","item":"https:\/\/champagnecharlesjolly.com\/"},{"@type":"ListItem","position":2,"name":"Contact","item":"https:\/\/champagnecharlesjolly.com\/contact\/"},{"@type":"ListItem","position":3,"name":"CARTON D\u00c9GUSTATION"}]},{"@type":"WebSite","@id":"https:\/\/champagnecharlesjolly.com\/#website","url":"https:\/\/champagnecharlesjolly.com\/","name":"Champagne Charles Jolly","description":"Un savoir faire familial","potentialAction":[{"@type":"SearchAction","target":{"@type":"EntryPoint","urlTemplate":"https:\/\/champagnecharlesjolly.com\/?s={search_term_string}"},"query-input":{"@type":"PropertyValueSpecification","valueRequired":true,"valueName":"search_term_string"}}],"inLanguage":"en-GB"}]}},"_links":{"self":[{"href":"https:\/\/champagnecharlesjolly.com\/en\/wp-json\/wp\/v2\/product\/1976","targetHints":{"allow":["GET"]}}],"collection":[{"href":"https:\/\/champagnecharlesjolly.com\/en\/wp-json\/wp\/v2\/product"}],"about":[{"href":"https:\/\/champagnecharlesjolly.com\/en\/wp-json\/wp\/v2\/types\/product"}],"wp:featuredmedia":[{"embeddable":true,"href":"https:\/\/champagnecharlesjolly.com\/en\/wp-json\/wp\/v2\/media\/2083"}],"wp:attachment":[{"href":"https:\/\/champagnecharlesjolly.com\/en\/wp-json\/wp\/v2\/media?parent=1976"}],"wp:term":[{"taxonomy":"product_brand","embeddable":true,"href":"https:\/\/champagnecharlesjolly.com\/en\/wp-json\/wp\/v2\/product_brand?post=1976"},{"taxonomy":"product_cat","embeddable":true,"href":"https:\/\/champagnecharlesjolly.com\/en\/wp-json\/wp\/v2\/product_cat?post=1976"},{"taxonomy":"product_tag","embeddable":true,"href":"https:\/\/champagnecharlesjolly.com\/en\/wp-json\/wp\/v2\/product_tag?post=1976"}],"curies":[{"name":"wp","href":"https:\/\/api.w.org\/{rel}","templated":true}]}}