{"id":905,"date":"2021-12-05T20:00:55","date_gmt":"2021-12-05T19:00:55","guid":{"rendered":"http:\/\/okthemes.com\/luxwinedemo-light\/?post_type=product&#038;p=905"},"modified":"2026-02-13T16:01:28","modified_gmt":"2026-02-13T15:01:28","slug":"perseverance-brut","status":"publish","type":"product","link":"https:\/\/champagnecharlesjolly.com\/en\/product\/perseverance-brut\/","title":{"rendered":"PERS\u00c9V\u00c9RANCE BRUT"},"content":{"rendered":"<div class=\"wpb-content-wrapper\"><div class=\"vc_row wpb_row vc_row-fluid\"><div class=\"wpb_column vc_column_container vc_col-sm-12\"><div class=\"vc_column-inner\"><div class=\"wpb_wrapper\">\n\t<div class=\"wpb_text_column wpb_content_element\" >\n\t\t<div class=\"wpb_wrapper\">\n\t\t\t<p style=\"text-align: center\"><strong>Le site n&rsquo;est ouvert qu&rsquo;aux livraisons en France m\u00e9tropolitaine, jusqu&rsquo;\u00e0 24 bouteilles.<\/strong><\/p>\n<p style=\"text-align: center\">Pour toutes les livraisons \u00e0 l&rsquo;ext\u00e9rieur de la France ou sup\u00e9rieures \u00e0 24 bouteilles, n&rsquo;h\u00e9sitez pas \u00e0 nous demander un devis.<\/p>\n\n\t\t<\/div>\n\t<\/div>\n<div class=\"vc_btn3-container vc_btn3-center\" ><a class=\"vc_general vc_btn3 vc_btn3-size-md vc_btn3-shape-rounded vc_btn3-style-modern vc_btn3-color-orange\" href=\"https:\/\/champagnecharlesjolly.com\/en\/contact\/\" title=\"\">Demander un devis<\/a><\/div>\n\t<div class=\"wpb_text_column wpb_content_element\" >\n\t\t<div class=\"wpb_wrapper\">\n\t\t\t<p style=\"text-align: center\">Attention, l&rsquo;abus d&rsquo;alcool est dangereux pour la sant\u00e9, \u00e0 consommer avec mod\u00e9ration.<\/p>\n<p style=\"text-align: center\"><em>La vente d&rsquo;alcool est interdite pour les mineurs.<\/em><\/p>\n\n\t\t<\/div>\n\t<\/div>\n<\/div><\/div><\/div><\/div><div class=\"vc_row wpb_row vc_row-fluid vc_custom_1517578847213 vc_row-has-fill\"><div class=\"wpb_column vc_column_container vc_col-sm-12\"><div class=\"vc_column-inner\"><div class=\"wpb_wrapper\"><div class=\"vc_tta-container\" data-vc-action=\"collapse\"><div class=\"vc_general vc_tta vc_tta-tabs vc_tta-color-grey vc_tta-style-theme vc_tta-shape-rounded vc_tta-spacing-1 vc_tta-tabs-position-top vc_tta-controls-align-center\"><div class=\"vc_tta-tabs-container\"><ul class=\"vc_tta-tabs-list\"><li class=\"vc_tta-tab vc_active\" data-vc-tab><a href=\"#1497942435725-66762cbe-c7ce\" data-vc-tabs data-vc-container=\".vc_tta\"><span class=\"vc_tta-title-text\">PR\u00c9SENTATION<\/span><\/a><\/li><li class=\"vc_tta-tab\" data-vc-tab><a href=\"#1497942435768-a2771e4b-8863\" data-vc-tabs data-vc-container=\".vc_tta\"><span class=\"vc_tta-title-text\">ASSEMBLAGE<\/span><\/a><\/li><li class=\"vc_tta-tab\" data-vc-tab><a href=\"#1497942617493-09f53e22-1d0f\" data-vc-tabs data-vc-container=\".vc_tta\"><span class=\"vc_tta-title-text\">D\u00c9GUSTATION<\/span><\/a><\/li><\/ul><\/div><div class=\"vc_tta-panels-container\"><div class=\"vc_tta-panels\"><div class=\"vc_tta-panel vc_active\" id=\"1497942435725-66762cbe-c7ce\" data-vc-content=\".vc_tta-panel-body\"><div class=\"vc_tta-panel-heading\"><h4 class=\"vc_tta-panel-title\"><a href=\"#1497942435725-66762cbe-c7ce\" data-vc-accordion data-vc-container=\".vc_tta-container\"><span class=\"vc_tta-title-text\">PR\u00c9SENTATION<\/span><\/a><\/h4><\/div><div class=\"vc_tta-panel-body\">\n\t<div class=\"wpb_text_column wpb_content_element\" >\n\t\t<div class=\"wpb_wrapper\">\n\t\t\t<p style=\"text-align: justify\">Les Cuv\u00e9es Pers\u00e9v\u00e9rance refl\u00e8tent toute la compl\u00e9mentarit\u00e9 et diversit\u00e9 des c\u00e9pages champenois, la richesse des terroirs et des vendanges de Champagne, pour r\u00e9v\u00e9ler dans son int\u00e9gralit\u00e9 la complexit\u00e9 qui les caract\u00e9rise.<\/p>\n\n\t\t<\/div>\n\t<\/div>\n<\/div><\/div><div class=\"vc_tta-panel\" id=\"1497942435768-a2771e4b-8863\" data-vc-content=\".vc_tta-panel-body\"><div class=\"vc_tta-panel-heading\"><h4 class=\"vc_tta-panel-title\"><a href=\"#1497942435768-a2771e4b-8863\" data-vc-accordion data-vc-container=\".vc_tta-container\"><span class=\"vc_tta-title-text\">ASSEMBLAGE<\/span><\/a><\/h4><\/div><div class=\"vc_tta-panel-body\">\n\t<div class=\"wpb_text_column wpb_content_element\" >\n\t\t<div class=\"wpb_wrapper\">\n\t\t\t<p style=\"text-align: justify\">Pers\u00e9v\u00e9rance Brut est un assemblage dans lequel les trois c\u00e9pages champenois se compl\u00e8tent harmonieusement. L\u2019\u00e9quilibre parfait entre les Pinots et le Chardonnay lui donne un style a\u00e9rien avec une pointe de min\u00e9ralit\u00e9 et, ainsi, un go\u00fbt tout aussi subtile que complexe.<\/p>\n<p style=\"text-align: justify\">Dosage: 9g\/litre<\/p>\n<p style=\"text-align: justify\">100% cuv\u00e9e<\/p>\n\n\t\t<\/div>\n\t<\/div>\n<\/div><\/div><div class=\"vc_tta-panel\" id=\"1497942617493-09f53e22-1d0f\" data-vc-content=\".vc_tta-panel-body\"><div class=\"vc_tta-panel-heading\"><h4 class=\"vc_tta-panel-title\"><a href=\"#1497942617493-09f53e22-1d0f\" data-vc-accordion data-vc-container=\".vc_tta-container\"><span class=\"vc_tta-title-text\">D\u00c9GUSTATION<\/span><\/a><\/h4><\/div><div class=\"vc_tta-panel-body\">\n\t<div class=\"wpb_text_column wpb_content_element\" >\n\t\t<div class=\"wpb_wrapper\">\n\t\t\t<p style=\"text-align: justify\">Nos Champagnes sont appr\u00e9ci\u00e9s tout au long du repas et tout particuli\u00e8rement \u00e0 l\u2019ap\u00e9ritif o\u00f9 leurs ar\u00f4mes d\u00e9licats seront davantage mis en valeur. Nous ne recommandons, cependant, pas de les d\u00e9guster en accompagnement de mets tr\u00e8s sucr\u00e9s, certaines de leurs saveurs pouvant \u00eatre alors masqu\u00e9es. La temp\u00e9rature recommand\u00e9e pour servir nos Champagnes est de 8\u00b0C.<\/p>\n<p style=\"text-align: justify\">Conjuguant g\u00e9n\u00e9rosit\u00e9 et d\u00e9licatesse, les ar\u00f4mes de Pers\u00e9v\u00e9rance Brut sont typiquement appr\u00e9ci\u00e9s tout au long du repas. Les mets trop sucr\u00e9s sont toutefois \u00e0 \u00e9viter, ceux-ci pouvant masquer certains ar\u00f4mes.<\/p>\n\n\t\t<\/div>\n\t<\/div>\n<\/div><\/div><\/div><\/div><\/div><\/div><\/div><\/div><\/div><\/div>\n<\/div>","protected":false},"excerpt":{"rendered":"<h5 style=\"text-align: justify\">CARTON DE 6 BOUTEILLES<\/h5>\n<p style=\"text-align: justify\">Les Cuv\u00e9es Pers\u00e9v\u00e9rance refl\u00e8tent toute la compl\u00e9mentarit\u00e9 et diversit\u00e9 des c\u00e9pages champenois, la richesse des terroirs et des vendanges de Champagne, pour r\u00e9v\u00e9ler dans son int\u00e9gralit\u00e9 la complexit\u00e9 qui les caract\u00e9rise.<\/p>","protected":false},"featured_media":2077,"template":"","meta":[],"product_brand":[],"product_cat":[25,23],"product_tag":[],"class_list":{"0":"post-905","1":"product","2":"type-product","3":"status-publish","4":"has-post-thumbnail","6":"product_cat-carton-de-six-bouteilles","7":"product_cat-champagne","9":"first","10":"instock","11":"shipping-taxable","12":"product-type-simple"},"yoast_head":"<!-- This site is optimized with the Yoast SEO plugin v27.4 - https:\/\/yoast.com\/product\/yoast-seo-wordpress\/ -->\n<title>PERS\u00c9V\u00c9RANCE BRUT - Champagne Charles Jolly<\/title>\n<meta name=\"robots\" content=\"index, follow, max-snippet:-1, max-image-preview:large, max-video-preview:-1\" \/>\n<link rel=\"canonical\" href=\"https:\/\/champagnecharlesjolly.com\/en\/product\/perseverance-brut\/\" \/>\n<meta property=\"og:locale\" content=\"en_GB\" \/>\n<meta property=\"og:type\" content=\"article\" \/>\n<meta property=\"og:title\" content=\"PERS\u00c9V\u00c9RANCE BRUT - Champagne Charles Jolly\" \/>\n<meta property=\"og:description\" content=\"CARTON DE 6 BOUTEILLES Les Cuv\u00e9es Pers\u00e9v\u00e9rance refl\u00e8tent toute la compl\u00e9mentarit\u00e9 et diversit\u00e9 des c\u00e9pages champenois, la richesse des terroirs et des vendanges de Champagne, pour r\u00e9v\u00e9ler dans son int\u00e9gralit\u00e9 la complexit\u00e9 qui les caract\u00e9rise.\" \/>\n<meta property=\"og:url\" content=\"https:\/\/champagnecharlesjolly.com\/en\/product\/perseverance-brut\/\" \/>\n<meta property=\"og:site_name\" content=\"Champagne Charles Jolly\" \/>\n<meta property=\"article:modified_time\" content=\"2026-02-13T15:01:28+00:00\" \/>\n<meta property=\"og:image\" content=\"https:\/\/champagnecharlesjolly.com\/wp-content\/uploads\/2021\/12\/perseverance-brut-carton.png\" \/>\n\t<meta property=\"og:image:width\" content=\"1484\" \/>\n\t<meta property=\"og:image:height\" content=\"1080\" \/>\n\t<meta property=\"og:image:type\" content=\"image\/png\" \/>\n<meta name=\"twitter:card\" content=\"summary_large_image\" \/>\n<meta name=\"twitter:label1\" content=\"Estimated reading time\" \/>\n\t<meta name=\"twitter:data1\" content=\"2 minutes\" \/>\n<script type=\"application\/ld+json\" class=\"yoast-schema-graph\">{\"@context\":\"https:\\\/\\\/schema.org\",\"@graph\":[{\"@type\":\"WebPage\",\"@id\":\"https:\\\/\\\/champagnecharlesjolly.com\\\/produit\\\/perseverance-brut\\\/\",\"url\":\"https:\\\/\\\/champagnecharlesjolly.com\\\/produit\\\/perseverance-brut\\\/\",\"name\":\"PERS\u00c9V\u00c9RANCE BRUT - Champagne Charles Jolly\",\"isPartOf\":{\"@id\":\"https:\\\/\\\/champagnecharlesjolly.com\\\/#website\"},\"primaryImageOfPage\":{\"@id\":\"https:\\\/\\\/champagnecharlesjolly.com\\\/produit\\\/perseverance-brut\\\/#primaryimage\"},\"image\":{\"@id\":\"https:\\\/\\\/champagnecharlesjolly.com\\\/produit\\\/perseverance-brut\\\/#primaryimage\"},\"thumbnailUrl\":\"https:\\\/\\\/champagnecharlesjolly.com\\\/wp-content\\\/uploads\\\/2021\\\/12\\\/perseverance-brut-carton.png\",\"datePublished\":\"2021-12-05T19:00:55+00:00\",\"dateModified\":\"2026-02-13T15:01:28+00:00\",\"breadcrumb\":{\"@id\":\"https:\\\/\\\/champagnecharlesjolly.com\\\/produit\\\/perseverance-brut\\\/#breadcrumb\"},\"inLanguage\":\"en-GB\",\"potentialAction\":[{\"@type\":\"ReadAction\",\"target\":[\"https:\\\/\\\/champagnecharlesjolly.com\\\/produit\\\/perseverance-brut\\\/\"]}]},{\"@type\":\"ImageObject\",\"inLanguage\":\"en-GB\",\"@id\":\"https:\\\/\\\/champagnecharlesjolly.com\\\/produit\\\/perseverance-brut\\\/#primaryimage\",\"url\":\"https:\\\/\\\/champagnecharlesjolly.com\\\/wp-content\\\/uploads\\\/2021\\\/12\\\/perseverance-brut-carton.png\",\"contentUrl\":\"https:\\\/\\\/champagnecharlesjolly.com\\\/wp-content\\\/uploads\\\/2021\\\/12\\\/perseverance-brut-carton.png\",\"width\":1484,\"height\":1080},{\"@type\":\"BreadcrumbList\",\"@id\":\"https:\\\/\\\/champagnecharlesjolly.com\\\/produit\\\/perseverance-brut\\\/#breadcrumb\",\"itemListElement\":[{\"@type\":\"ListItem\",\"position\":1,\"name\":\"Accueil\",\"item\":\"https:\\\/\\\/champagnecharlesjolly.com\\\/\"},{\"@type\":\"ListItem\",\"position\":2,\"name\":\"Contact\",\"item\":\"https:\\\/\\\/champagnecharlesjolly.com\\\/contact\\\/\"},{\"@type\":\"ListItem\",\"position\":3,\"name\":\"PERS\u00c9V\u00c9RANCE BRUT\"}]},{\"@type\":\"WebSite\",\"@id\":\"https:\\\/\\\/champagnecharlesjolly.com\\\/#website\",\"url\":\"https:\\\/\\\/champagnecharlesjolly.com\\\/\",\"name\":\"Champagne Charles Jolly\",\"description\":\"Un savoir faire familial\",\"potentialAction\":[{\"@type\":\"SearchAction\",\"target\":{\"@type\":\"EntryPoint\",\"urlTemplate\":\"https:\\\/\\\/champagnecharlesjolly.com\\\/?s={search_term_string}\"},\"query-input\":{\"@type\":\"PropertyValueSpecification\",\"valueRequired\":true,\"valueName\":\"search_term_string\"}}],\"inLanguage\":\"en-GB\"}]}<\/script>\n<!-- \/ Yoast SEO plugin. -->","yoast_head_json":{"title":"PERS\u00c9V\u00c9RANCE BRUT - Champagne Charles Jolly","robots":{"index":"index","follow":"follow","max-snippet":"max-snippet:-1","max-image-preview":"max-image-preview:large","max-video-preview":"max-video-preview:-1"},"canonical":"https:\/\/champagnecharlesjolly.com\/en\/product\/perseverance-brut\/","og_locale":"en_GB","og_type":"article","og_title":"PERS\u00c9V\u00c9RANCE BRUT - Champagne Charles Jolly","og_description":"CARTON DE 6 BOUTEILLES Les Cuv\u00e9es Pers\u00e9v\u00e9rance refl\u00e8tent toute la compl\u00e9mentarit\u00e9 et diversit\u00e9 des c\u00e9pages champenois, la richesse des terroirs et des vendanges de Champagne, pour r\u00e9v\u00e9ler dans son int\u00e9gralit\u00e9 la complexit\u00e9 qui les caract\u00e9rise.","og_url":"https:\/\/champagnecharlesjolly.com\/en\/product\/perseverance-brut\/","og_site_name":"Champagne Charles Jolly","article_modified_time":"2026-02-13T15:01:28+00:00","og_image":[{"width":1484,"height":1080,"url":"https:\/\/champagnecharlesjolly.com\/wp-content\/uploads\/2021\/12\/perseverance-brut-carton.png","type":"image\/png"}],"twitter_card":"summary_large_image","twitter_misc":{"Estimated reading time":"2 minutes"},"schema":{"@context":"https:\/\/schema.org","@graph":[{"@type":"WebPage","@id":"https:\/\/champagnecharlesjolly.com\/produit\/perseverance-brut\/","url":"https:\/\/champagnecharlesjolly.com\/produit\/perseverance-brut\/","name":"PERS\u00c9V\u00c9RANCE BRUT - Champagne Charles Jolly","isPartOf":{"@id":"https:\/\/champagnecharlesjolly.com\/#website"},"primaryImageOfPage":{"@id":"https:\/\/champagnecharlesjolly.com\/produit\/perseverance-brut\/#primaryimage"},"image":{"@id":"https:\/\/champagnecharlesjolly.com\/produit\/perseverance-brut\/#primaryimage"},"thumbnailUrl":"https:\/\/champagnecharlesjolly.com\/wp-content\/uploads\/2021\/12\/perseverance-brut-carton.png","datePublished":"2021-12-05T19:00:55+00:00","dateModified":"2026-02-13T15:01:28+00:00","breadcrumb":{"@id":"https:\/\/champagnecharlesjolly.com\/produit\/perseverance-brut\/#breadcrumb"},"inLanguage":"en-GB","potentialAction":[{"@type":"ReadAction","target":["https:\/\/champagnecharlesjolly.com\/produit\/perseverance-brut\/"]}]},{"@type":"ImageObject","inLanguage":"en-GB","@id":"https:\/\/champagnecharlesjolly.com\/produit\/perseverance-brut\/#primaryimage","url":"https:\/\/champagnecharlesjolly.com\/wp-content\/uploads\/2021\/12\/perseverance-brut-carton.png","contentUrl":"https:\/\/champagnecharlesjolly.com\/wp-content\/uploads\/2021\/12\/perseverance-brut-carton.png","width":1484,"height":1080},{"@type":"BreadcrumbList","@id":"https:\/\/champagnecharlesjolly.com\/produit\/perseverance-brut\/#breadcrumb","itemListElement":[{"@type":"ListItem","position":1,"name":"Accueil","item":"https:\/\/champagnecharlesjolly.com\/"},{"@type":"ListItem","position":2,"name":"Contact","item":"https:\/\/champagnecharlesjolly.com\/contact\/"},{"@type":"ListItem","position":3,"name":"PERS\u00c9V\u00c9RANCE BRUT"}]},{"@type":"WebSite","@id":"https:\/\/champagnecharlesjolly.com\/#website","url":"https:\/\/champagnecharlesjolly.com\/","name":"Champagne Charles Jolly","description":"Un savoir faire familial","potentialAction":[{"@type":"SearchAction","target":{"@type":"EntryPoint","urlTemplate":"https:\/\/champagnecharlesjolly.com\/?s={search_term_string}"},"query-input":{"@type":"PropertyValueSpecification","valueRequired":true,"valueName":"search_term_string"}}],"inLanguage":"en-GB"}]}},"_links":{"self":[{"href":"https:\/\/champagnecharlesjolly.com\/en\/wp-json\/wp\/v2\/product\/905","targetHints":{"allow":["GET"]}}],"collection":[{"href":"https:\/\/champagnecharlesjolly.com\/en\/wp-json\/wp\/v2\/product"}],"about":[{"href":"https:\/\/champagnecharlesjolly.com\/en\/wp-json\/wp\/v2\/types\/product"}],"wp:featuredmedia":[{"embeddable":true,"href":"https:\/\/champagnecharlesjolly.com\/en\/wp-json\/wp\/v2\/media\/2077"}],"wp:attachment":[{"href":"https:\/\/champagnecharlesjolly.com\/en\/wp-json\/wp\/v2\/media?parent=905"}],"wp:term":[{"taxonomy":"product_brand","embeddable":true,"href":"https:\/\/champagnecharlesjolly.com\/en\/wp-json\/wp\/v2\/product_brand?post=905"},{"taxonomy":"product_cat","embeddable":true,"href":"https:\/\/champagnecharlesjolly.com\/en\/wp-json\/wp\/v2\/product_cat?post=905"},{"taxonomy":"product_tag","embeddable":true,"href":"https:\/\/champagnecharlesjolly.com\/en\/wp-json\/wp\/v2\/product_tag?post=905"}],"curies":[{"name":"wp","href":"https:\/\/api.w.org\/{rel}","templated":true}]}}